{"id":885,"date":"2020-11-17T14:25:13","date_gmt":"2020-11-17T14:25:13","guid":{"rendered":"https:\/\/www.sbskft.hu\/?page_id=885"},"modified":"2023-12-01T13:06:11","modified_gmt":"2023-12-01T13:06:11","slug":"ginop-3-2-6-8-2-4-17-2017-00001","status":"publish","type":"page","link":"https:\/\/www.sbskft.hu\/en\/ginop-3-2-6-8-2-4-17-2017-00001","title":{"rendered":"GINOP-3.2.6-8-2-4-17"},"content":{"rendered":"<p>[et_pb_section fb_built=\u201d1\u2033 _builder_version=\u201d4.0.2\u2033][et_pb_row column_structure=\u201d1_2,1_2\u2033 _builder_version=\u201d4.0.2\u2033 locked=\u201doff\u201d][et_pb_column type=\u201d1_2\u2033 _builder_version=\u201d4.0.2\u2033 \u2033][et_pb_text _builder_version=\u201d4.0.2\u2033 custom_padding=\u201d|0px||||\u201d]<\/p>\n<ul>\n<li>Beneficiary name:&nbsp;<strong>SBS Kft.<\/strong><\/li>\n<li>Project title:&nbsp; <strong>It is the advanced digitization of the activities of competitive companies<\/strong><strong>&nbsp;at SBS Kft<\/strong><\/li>\n<\/ul>\n<ul>\n<li>Grant amount:&nbsp;<strong>HUF 79,882,512.-<\/strong><\/li>\n<li>Amount of support:&nbsp;<strong>35,00 %<\/strong><\/li>\n<\/ul>\n<p>&nbsp;<\/p>\n<p><strong><u>Brief presentation of project content:<\/u><\/strong><\/p>\n<p>Within the framework of the project, the existing production systems in the production plant of SBS KFT will be further developed and supplemented with IoT &quot;Internet of Things&quot; sensor technology and information technology solutions supported by the GINOP-3.2.6-8.2.4-17 tender design. SBS Kft. has several CNC cutting machines, manual consumable electrode MIG\/MAG technology welding machines, computer hardware and software tools supporting production, which until now have operated separately from each other. In the framework of the project, we implement hardware and software developments that, by organizing the production units in a network, enable their interactive and thus more efficient operation. A complex development program that includes all elements of the production process, which provides an adequate long-term answer to questions related to improving efficiency. Accordingly, it is expected to measure the performance of welding and cutting workers, and to monitor the progress of the products (booms and machine chassis) in the production process. SBS Kft acquires such hardware devices available on the market, which can be installed and positioned in the existing production factors (CNC machines, manual welding machines, workers) to query their status and position. By organizing the transmitters into a network, as a result of the hardware and software development to be carried out on the central computer system, statistical analyzes and efficiency tests can be carried out by processing and graphically displaying the data. Based on the information, it is possible to create the opportunity for management to intervene in time, in order to fulfill the orders on time. The expected increase in efficiency, in addition to effectiveness, also serves the purpose of generating further order stock growth through customer satisfaction. By improving the efficiency of steel structure production, the order stock will increase by 30-40% in the next 2-3 years, and a minimal increase in human resources will be sufficient to meet this demand.<\/p>\n<p>&nbsp;<\/p>\n<ul>\n<li>Project start date: <strong>2019.07.01<\/strong><\/li>\n<li><strong>Planned completion date of the project:<\/strong> 2021.05.17.<\/li>\n<li>Project identification number:&nbsp;<strong>GINOP-3.2.6-8-2-4-17-2017-00001<\/strong><\/li>\n<\/ul>\n<p>&nbsp;<\/p>\n<p>[\/et_pb_text][\/et_pb_column][et_pb_column type=\u201d1_2\u2033 _builder_version=\u201d4.0.2\u2033][et_pb_image src=\u201dhttps:\/\/www.sbskft.hu\/wp-content\/uploads\/2020\/09\/szechenyi- 2020.jpg\u201d _builder_version=\u201d4.0.2\u2033][\/et_pb_image][et_pb_image src=\u201dhttps:\/\/www.sbskft.hu\/wp-content\/uploads\/2020\/11\/ginop-3-2-6-8 .png\u201d _builder_version=\u201d4.0.2\u2033][\/et_pb_image][\/et_pb_column][\/et_pb_row][\/et_pb_section]<\/p>","protected":false},"excerpt":{"rendered":"<p>Beneficiary&#039;s name: SBS Kft. Project title: High-level digitization of the activities of competitive companies at SBS Kft. Amount of support: HUF 79,882,512.00. further development and addition of production systems with IoT &quot;Internet of Things&quot; sensor technology and information technology solutions supported by the GINOP-3.2.6-8.2.4-17 tender design. The\u2026<\/p>","protected":false},"author":1,"featured_media":0,"parent":0,"menu_order":0,"comment_status":"closed","ping_status":"closed","template":"","meta":{"_et_pb_use_builder":"on","_et_pb_old_content":"","_et_gb_content_width":"","ocean_post_layout":"","ocean_both_sidebars_style":"","ocean_both_sidebars_content_width":0,"ocean_both_sidebars_sidebars_width":0,"ocean_sidebar":"0","ocean_second_sidebar":"0","ocean_disable_margins":"enable","ocean_add_body_class":"","ocean_shortcode_before_top_bar":"","ocean_shortcode_after_top_bar":"","ocean_shortcode_before_header":"","ocean_shortcode_after_header":"","ocean_has_shortcode":"","ocean_shortcode_after_title":"","ocean_shortcode_before_footer_widgets":"","ocean_shortcode_after_footer_widgets":"","ocean_shortcode_before_footer_bottom":"","ocean_shortcode_after_footer_bottom":"","ocean_display_top_bar":"default","ocean_display_header":"default","ocean_header_style":"","ocean_center_header_left_menu":"0","ocean_custom_header_template":"0","ocean_custom_logo":0,"ocean_custom_retina_logo":0,"ocean_custom_logo_max_width":0,"ocean_custom_logo_tablet_max_width":0,"ocean_custom_logo_mobile_max_width":0,"ocean_custom_logo_max_height":0,"ocean_custom_logo_tablet_max_height":0,"ocean_custom_logo_mobile_max_height":0,"ocean_header_custom_menu":"0","ocean_menu_typo_font_family":"0","ocean_menu_typo_font_subset":"","ocean_menu_typo_font_size":0,"ocean_menu_typo_font_size_tablet":0,"ocean_menu_typo_font_size_mobile":0,"ocean_menu_typo_font_size_unit":"px","ocean_menu_typo_font_weight":"","ocean_menu_typo_font_weight_tablet":"","ocean_menu_typo_font_weight_mobile":"","ocean_menu_typo_transform":"","ocean_menu_typo_transform_tablet":"","ocean_menu_typo_transform_mobile":"","ocean_menu_typo_line_height":0,"ocean_menu_typo_line_height_tablet":0,"ocean_menu_typo_line_height_mobile":0,"ocean_menu_typo_line_height_unit":"","ocean_menu_typo_spacing":0,"ocean_menu_typo_spacing_tablet":0,"ocean_menu_typo_spacing_mobile":0,"ocean_menu_typo_spacing_unit":"","ocean_menu_link_color":"","ocean_menu_link_color_hover":"","ocean_menu_link_color_active":"","ocean_menu_link_background":"","ocean_menu_link_hover_background":"","ocean_menu_link_active_background":"","ocean_menu_social_links_bg":"","ocean_menu_social_hover_links_bg":"","ocean_menu_social_links_color":"","ocean_menu_social_hover_links_color":"","ocean_disable_title":"default","ocean_disable_heading":"default","ocean_post_title":"","ocean_post_subheading":"","ocean_post_title_style":"","ocean_post_title_background_color":"","ocean_post_title_background":0,"ocean_post_title_bg_image_position":"","ocean_post_title_bg_image_attachment":"","ocean_post_title_bg_image_repeat":"","ocean_post_title_bg_image_size":"","ocean_post_title_height":0,"ocean_post_title_bg_overlay":0.5,"ocean_post_title_bg_overlay_color":"","ocean_disable_breadcrumbs":"default","ocean_breadcrumbs_color":"","ocean_breadcrumbs_separator_color":"","ocean_breadcrumbs_links_color":"","ocean_breadcrumbs_links_hover_color":"","ocean_display_footer_widgets":"default","ocean_display_footer_bottom":"default","ocean_custom_footer_template":"0","footnotes":""},"class_list":["post-885","page","type-page","status-publish","hentry","entry"],"rttpg_featured_image_url":null,"rttpg_author":{"display_name":"admin","author_link":"https:\/\/www.sbskft.hu\/en\/author\/admin"},"rttpg_comment":0,"rttpg_category":null,"rttpg_excerpt":"Kedvezm\u00e9nyezett neve:&nbsp;SBS Kft. Projekt c\u00edme:&nbsp; Versenyk\u00e9pes v\u00e1llatok tev\u00e9kenys\u00e9g\u00e9nek emeltszint\u0171 digitaliz\u00e1l\u00e1sa az&nbsp;SBS Kft-n\u00e9l T\u00e1mogat\u00e1s \u00f6sszege:&nbsp;79&nbsp;882&nbsp;512.- Ft T\u00e1mogat\u00e1s m\u00e9rt\u00e9ke:&nbsp;35,00 % &nbsp; Projekt tartalm\u00e1nak r\u00f6vid bemutat\u00e1sa: A projekt keret\u00e9ben megval\u00f3sul az SBS KFT gy\u00e1rt\u00f3 \u00fczem\u00e9ben megl\u00e9v\u0151 termel\u00e9si rendszerek tov\u00e1bb fejleszt\u00e9se, kieg\u00e9sz\u00edt\u00e9se a GINOP-3.2.6-8.2.4-17 k\u00f3djel\u0171 p\u00e1ly\u00e1zati konstrukci\u00f3 \u00e1ltal t\u00e1mogatott IoT \u201eInternet of Things\u201d szenzortechnol\u00f3giai, inform\u00e1ci\u00f3 technol\u00f3giai megold\u00e1sokkal. Az...","_links":{"self":[{"href":"https:\/\/www.sbskft.hu\/en\/wp-json\/wp\/v2\/pages\/885"}],"collection":[{"href":"https:\/\/www.sbskft.hu\/en\/wp-json\/wp\/v2\/pages"}],"about":[{"href":"https:\/\/www.sbskft.hu\/en\/wp-json\/wp\/v2\/types\/page"}],"author":[{"embeddable":true,"href":"https:\/\/www.sbskft.hu\/en\/wp-json\/wp\/v2\/users\/1"}],"replies":[{"embeddable":true,"href":"https:\/\/www.sbskft.hu\/en\/wp-json\/wp\/v2\/comments?post=885"}],"version-history":[{"count":8,"href":"https:\/\/www.sbskft.hu\/en\/wp-json\/wp\/v2\/pages\/885\/revisions"}],"predecessor-version":[{"id":2060,"href":"https:\/\/www.sbskft.hu\/en\/wp-json\/wp\/v2\/pages\/885\/revisions\/2060"}],"wp:attachment":[{"href":"https:\/\/www.sbskft.hu\/en\/wp-json\/wp\/v2\/media?parent=885"}],"curies":[{"name":"wp","href":"https:\/\/api.w.org\/{rel}","templated":true}]}}