{"id":812,"date":"2020-09-10T11:06:14","date_gmt":"2020-09-10T11:06:14","guid":{"rendered":"https:\/\/www.sbskft.hu\/?page_id=812"},"modified":"2021-07-19T07:28:26","modified_gmt":"2021-07-19T07:28:26","slug":"ginop-2-1-7","status":"publish","type":"page","link":"https:\/\/www.sbskft.hu\/en\/ginop-2-1-7","title":{"rendered":"Ginop 2.1.7"},"content":{"rendered":"<p>[et_pb_section fb_built=\u201d1\u2033 _builder_version=\u201d4.0.2\u2033][et_pb_row column_structure=\u201d1_2,1_2\u2033 _builder_version=\u201d4.0.2\u2033 locked=\u201doff\u201d][et_pb_column type=\u201d1_2\u2033 _builder_version=\u201d4.0.2\u2033 \u2033][et_pb_text _builder_version=\u201d4.0.2\u2033 custom_padding=\u201d|0px||||\u201d]<\/p>\n<ul>\n<ul>\n<ul>\n<li>Beneficiary name:<span>\u00a0<\/span><strong>SBS Kft.<\/strong><\/li>\n<li>Project title:<span>\u00a0<\/span><strong>Development of a hydraulic leveling prototype at SBS Kft<\/strong><\/li>\n<li>Grant amount:<span>\u00a0<\/span><strong>HUF 52,069,457<\/strong><\/li>\n<li>Amount of support:<span>\u00a0<\/span><strong>54.23 %<\/strong><\/li>\n<li>Brief presentation of project content:<\/li>\n<\/ul>\n<\/ul>\n<\/ul>\n<p><strong>Within the framework of the project, a new hydraulic leveling device with a load capacity of 300 t was developed and manufactured. The production documentation - in accordance with the tender requirements - has been made public.<\/strong><\/p>\n<p><strong>Another result is the technological development, with which SBS Kft. can increase the efficiency of the production of welded structures<\/strong>.<\/p>\n<p>The new content of the project:<\/p>\n<p>Since the weight of the workpiece can reach 4-5 tons, a crane is needed to move it on the straightening table, and this is also true for moving the workpiece needed to move individual straightening points. This crane operation puts a significant strain on the crane capacity of a given workshop. In order to reduce this crane capacity, a work piece moving aid was developed that does not require the crane activity apart from lifting the work piece up and down. The innovation is the application of the additional roller table. The table can be raised using air springs. Compared to known competitive equipment, this solution represents a significant advantage. By using the hydraulic straightener manufactured by us, companies achieve cost savings.<\/p>\n<ul>\n<ul>\n<li>Project end date:<span>\u00a0<\/span><strong>2018.05.07.<\/strong><\/li>\n<li>Project identification number:<span>\u00a0<\/span><strong>GINOP-2.1.7-15-2016-00518<\/strong><\/li>\n<\/ul>\n<\/ul>\n<ul><\/ul>\n<p>&nbsp;<\/p>\n<p>[\/et_pb_text][\/et_pb_column][et_pb_column type=\u201d1_2\u2033 _builder_version=\u201d4.0.2\u2033][et_pb_image src=\u201dhttps:\/\/www.sbskft.hu\/wp-content\/uploads\/2020\/09\/szechenyi- 2020.jpg\u201d _builder_version=\u201d4.0.2\u2033][\/et_pb_image][\/et_pb_column][\/et_pb_row][et_pb_row _builder_version=\u201d4.0.2\u2033][et_pb_column _builder_version=\u201d4.0.2\u2033 type=\u201d4_4\u2033][ et_pb_button button_text=\u201dMachine book\u201d _builder_version=\u201d4.0.2\u2033 button_url=\u201dhttps:\/\/www.sbskft.hu\/wp-content\/uploads\/2021\/07\/SBS-300-Gepkonyv_nyilvanos.pdf\u201d hover_enabled=\u201d0\u2033] [\/et_pb_button][\/et_pb_column][\/et_pb_row][et_pb_row _builder_version=\u201d4.0.2\u2033][et_pb_column _builder_version=\u201d4.0.2\u2033 type=\u201d4_4\u2033][et_pb_button button_text=\u201dWork cylinder holder\u201d _builder_version=\u201d4.0. 2\u2033 button_url=\u201dhttps:\/\/www.sbskft.hu\/wp-content\/uploads\/2021\/07\/2209-196-Munkahengertarto.pdf\u201d hover_enabled=\u201d0\u2033][\/et_pb_button][\/et_pb_column][\/et_pb_row ][\/et_pb_section]<\/p>","protected":false},"excerpt":{"rendered":"<p>Beneficiary name: SBS Kft. Project title: Development of hydraulic leveling prototype at SBS Kft. Amount of support: HUF 52,069,457 Amount of support: 54.23 % Brief presentation of project content: A new hydraulic leveling device with a load capacity of 300 t was developed within the project. and for production. The production documentation - in accordance with the tender requirements - has been made public. Another result is technological development,\u2026<\/p>","protected":false},"author":1,"featured_media":0,"parent":0,"menu_order":0,"comment_status":"closed","ping_status":"closed","template":"","meta":{"_et_pb_use_builder":"on","_et_pb_old_content":"","_et_gb_content_width":"","ocean_post_layout":"","ocean_both_sidebars_style":"","ocean_both_sidebars_content_width":0,"ocean_both_sidebars_sidebars_width":0,"ocean_sidebar":"","ocean_second_sidebar":"","ocean_disable_margins":"enable","ocean_add_body_class":"","ocean_shortcode_before_top_bar":"","ocean_shortcode_after_top_bar":"","ocean_shortcode_before_header":"","ocean_shortcode_after_header":"","ocean_has_shortcode":"","ocean_shortcode_after_title":"","ocean_shortcode_before_footer_widgets":"","ocean_shortcode_after_footer_widgets":"","ocean_shortcode_before_footer_bottom":"","ocean_shortcode_after_footer_bottom":"","ocean_display_top_bar":"default","ocean_display_header":"default","ocean_header_style":"","ocean_center_header_left_menu":"","ocean_custom_header_template":"","ocean_custom_logo":0,"ocean_custom_retina_logo":0,"ocean_custom_logo_max_width":0,"ocean_custom_logo_tablet_max_width":0,"ocean_custom_logo_mobile_max_width":0,"ocean_custom_logo_max_height":0,"ocean_custom_logo_tablet_max_height":0,"ocean_custom_logo_mobile_max_height":0,"ocean_header_custom_menu":"","ocean_menu_typo_font_family":"","ocean_menu_typo_font_subset":"","ocean_menu_typo_font_size":0,"ocean_menu_typo_font_size_tablet":0,"ocean_menu_typo_font_size_mobile":0,"ocean_menu_typo_font_size_unit":"px","ocean_menu_typo_font_weight":"","ocean_menu_typo_font_weight_tablet":"","ocean_menu_typo_font_weight_mobile":"","ocean_menu_typo_transform":"","ocean_menu_typo_transform_tablet":"","ocean_menu_typo_transform_mobile":"","ocean_menu_typo_line_height":0,"ocean_menu_typo_line_height_tablet":0,"ocean_menu_typo_line_height_mobile":0,"ocean_menu_typo_line_height_unit":"","ocean_menu_typo_spacing":0,"ocean_menu_typo_spacing_tablet":0,"ocean_menu_typo_spacing_mobile":0,"ocean_menu_typo_spacing_unit":"","ocean_menu_link_color":"","ocean_menu_link_color_hover":"","ocean_menu_link_color_active":"","ocean_menu_link_background":"","ocean_menu_link_hover_background":"","ocean_menu_link_active_background":"","ocean_menu_social_links_bg":"","ocean_menu_social_hover_links_bg":"","ocean_menu_social_links_color":"","ocean_menu_social_hover_links_color":"","ocean_disable_title":"default","ocean_disable_heading":"default","ocean_post_title":"","ocean_post_subheading":"","ocean_post_title_style":"","ocean_post_title_background_color":"","ocean_post_title_background":0,"ocean_post_title_bg_image_position":"","ocean_post_title_bg_image_attachment":"","ocean_post_title_bg_image_repeat":"","ocean_post_title_bg_image_size":"","ocean_post_title_height":0,"ocean_post_title_bg_overlay":0.5,"ocean_post_title_bg_overlay_color":"","ocean_disable_breadcrumbs":"default","ocean_breadcrumbs_color":"","ocean_breadcrumbs_separator_color":"","ocean_breadcrumbs_links_color":"","ocean_breadcrumbs_links_hover_color":"","ocean_display_footer_widgets":"default","ocean_display_footer_bottom":"default","ocean_custom_footer_template":"","footnotes":""},"class_list":["post-812","page","type-page","status-publish","hentry","entry"],"rttpg_featured_image_url":null,"rttpg_author":{"display_name":"admin","author_link":"https:\/\/www.sbskft.hu\/en\/author\/admin"},"rttpg_comment":0,"rttpg_category":null,"rttpg_excerpt":"Kedvezm\u00e9nyezett neve:\u00a0SBS Kft. Projekt c\u00edme:\u00a0Hidraulikus egyenget\u0151 protot\u00edpus fejleszt\u00e9se az SBS Kft-n\u00e9l T\u00e1mogat\u00e1s \u00f6sszege:\u00a052 069\u00a0457,- Ft T\u00e1mogat\u00e1s m\u00e9rt\u00e9ke:\u00a054.23 % Projekt tartalm\u00e1nak r\u00f6vid bemutat\u00e1sa: A projekt keret\u00e9ben egy \u00faj 300 t teherb\u00edr\u00e1s\u00fa hidraulikus egyenget\u0151 berendez\u00e9s ker\u00fclt kifejleszt\u00e9sre \u00e9s legy\u00e1rt\u00e1sra.\u00a0 A gy\u00e1rt\u00e1si dokument\u00e1ci\u00f3 \u2013 p\u00e1ly\u00e1zati k\u00f6vetelm\u00e9nyeknek megfelel\u0151en t\u00f6rt\u00e9n\u0151 \u2013 \u00a0nyilv\u00e1noss\u00e1gra hozatala megt\u00f6rt\u00e9nt. Tov\u00e1bbi eredm\u00e9ny a technol\u00f3giai fejleszt\u00e9s,...","_links":{"self":[{"href":"https:\/\/www.sbskft.hu\/en\/wp-json\/wp\/v2\/pages\/812"}],"collection":[{"href":"https:\/\/www.sbskft.hu\/en\/wp-json\/wp\/v2\/pages"}],"about":[{"href":"https:\/\/www.sbskft.hu\/en\/wp-json\/wp\/v2\/types\/page"}],"author":[{"embeddable":true,"href":"https:\/\/www.sbskft.hu\/en\/wp-json\/wp\/v2\/users\/1"}],"replies":[{"embeddable":true,"href":"https:\/\/www.sbskft.hu\/en\/wp-json\/wp\/v2\/comments?post=812"}],"version-history":[{"count":5,"href":"https:\/\/www.sbskft.hu\/en\/wp-json\/wp\/v2\/pages\/812\/revisions"}],"predecessor-version":[{"id":956,"href":"https:\/\/www.sbskft.hu\/en\/wp-json\/wp\/v2\/pages\/812\/revisions\/956"}],"wp:attachment":[{"href":"https:\/\/www.sbskft.hu\/en\/wp-json\/wp\/v2\/media?parent=812"}],"curies":[{"name":"wp","href":"https:\/\/api.w.org\/{rel}","templated":true}]}}