{"id":802,"date":"2020-09-10T10:57:35","date_gmt":"2020-09-10T10:57:35","guid":{"rendered":"https:\/\/www.sbskft.hu\/?page_id=802"},"modified":"2022-03-17T13:10:07","modified_gmt":"2022-03-17T13:10:07","slug":"ginop-1-3-3","status":"publish","type":"page","link":"https:\/\/www.sbskft.hu\/en\/ginop-1-3-3","title":{"rendered":"Ginop 1.3.3"},"content":{"rendered":"<p>[et_pb_section fb_built=\u201d1\u2033 _builder_version=\u201d4.0.2\u2033][et_pb_row column_structure=\u201d1_2,1_2\u2033 _builder_version=\u201d4.0.2\u2033 locked=\u201doff\u201d][et_pb_column type=\u201d1_2\u2033 _builder_version=\u201d4.0.2\u2033 \u2033][et_pb_text _builder_version=\u201d4.0.2\u2033 custom_padding=\u201d|0px||||\u201d]<\/p>\n<ul>\n<li style=\"list-style-type: none;\">\n<ul>\n<li>Beneficiary name:\u00a0<strong>SBS Kft.<\/strong><\/li>\n<li>Project title:\u00a0<strong>Capacity expansion at SBS Kft.&#039;s Erd\u00f6telk site<\/strong><\/li>\n<li>Grant amount:\u00a0<strong>HUF 920,419,818<\/strong><\/li>\n<li>Amount of support:\u00a0<strong>50,00 %<\/strong><\/li>\n<li>Brief presentation of project content:<\/li>\n<\/ul>\n<p>The result of the project:<\/p>\n<p>A complex development program will be implemented at SBS Kft.&#039;s Erd\u0151telek site with the help of HUF 920.419 million support received under the Sz\u00e9chenyi 2020 program. The program includes the purchase of a CNC horizontal machining machine, a welding robot, technological equipment for the painting plant, material handling equipment, inverter welding machines (10 units), as well as the construction of an industrial hall (2,000 m2), as well as the implementation of training and organizational development.<\/p>\n<p>The purpose of the development is for the company to eliminate development difficulties arising from its production technology and thereby increase its supplier capacity. In the case of the company, under the current operating conditions, one of the most significant factors impairing supplier capabilities is the lack of adequate production capacities, so it must achieve capacity increases in the fields of milling and welding, as well as improve its outdated painting technology and increase painting capacities in order to be able to deliver to the customers the quantity corresponding to the increased needs. Development is aimed at improving these capabilities.<\/p>\n<ul>\n<li>Project start date:\u00a0<strong>2019.02.25.<\/strong><\/li>\n<li>Project end date:\u00a0<strong><\/strong><span style=\"background-color: #ffffff; font-size: 14px; font-weight: bold;\">2021.11.22.<\/span><\/li>\n<li>Project identification number:\u00a0<strong>GINOP-1.3.3-16-2018-00066<\/strong><\/li>\n<\/ul>\n<\/li>\n<\/ul>\n<ul><\/ul>\n<p>&nbsp;<\/p>\n<p>[\/et_pb_text][\/et_pb_column][et_pb_column type=\u201d1_2\u2033 _builder_version=\u201d4.0.2\u2033][et_pb_image src=\u201dhttps:\/\/www.sbskft.hu\/wp-content\/uploads\/2020\/09\/szechenyi- 2020.jpg\u201d _builder_version=\u201d4.0.2\u2033][\/et_pb_image][\/et_pb_column][\/et_pb_row][et_pb_row _builder_version=\u201d4.0.2\u2033][et_pb_column type=\u201d4_4\u2033 _builder_version=\u201d4.0.2\u2033][ et_pb_button button_url=\u201dhttps:\/\/www.sbskft.hu\/wp-content\/uploads\/2020\/09\/GINOP-1-3-3-Sajtokozlemeny-nyito_BPE2.pdf\u201d button_text=\u201dPress release\u201d _builder_version=\u201d4.0.2\u2033 ][\/et_pb_button][et_pb_button button_url=\u201dhttps:\/\/www.sbskft.hu\/wp-content\/uploads\/2021\/10\/GINOP-1.3.3-Allapotjelentes-2021-10-01_v2.pdf\u201d button_text=\u201dStatus report \u201d _builder_version=\u201d4.0.2\u2033][\/et_pb_button][et_pb_button button_url=\u201dhttps:\/\/www.sbskft.hu\/wp-content\/uploads\/2022\/03\/GINOP-1.3.3-16-2018-00066- _zaro_sk_jo.pdf\u201d button_text=\u201dFinal press release\u201d _builder_version=\u201d4.0.2\u2033 hover_enabled=\u201d0\u2033][\/et_pb_button][\/et_pb_column][\/et_pb_row][\/et_pb_section]<\/p>","protected":false},"excerpt":{"rendered":"<p>Beneficiary name: SBS Kft. Project title: Capacity expansion at SBS Kft.&#039;s forest site Subsidy amount: HUF 920,419,818 Subsidy amount: 50.00 % Brief presentation of the project content: Project result: At SBS Kft.&#039;s forest site, a complex development program with the help of HUF 920.419 million support received within the framework of the Sz\u00e9chenyi 2020 program. The program includes a CNC horizontal machining machine,\u2026<\/p>","protected":false},"author":1,"featured_media":0,"parent":0,"menu_order":0,"comment_status":"closed","ping_status":"closed","template":"","meta":{"_et_pb_use_builder":"on","_et_pb_old_content":"","_et_gb_content_width":"","ocean_post_layout":"","ocean_both_sidebars_style":"","ocean_both_sidebars_content_width":0,"ocean_both_sidebars_sidebars_width":0,"ocean_sidebar":"","ocean_second_sidebar":"","ocean_disable_margins":"enable","ocean_add_body_class":"","ocean_shortcode_before_top_bar":"","ocean_shortcode_after_top_bar":"","ocean_shortcode_before_header":"","ocean_shortcode_after_header":"","ocean_has_shortcode":"","ocean_shortcode_after_title":"","ocean_shortcode_before_footer_widgets":"","ocean_shortcode_after_footer_widgets":"","ocean_shortcode_before_footer_bottom":"","ocean_shortcode_after_footer_bottom":"","ocean_display_top_bar":"default","ocean_display_header":"default","ocean_header_style":"","ocean_center_header_left_menu":"","ocean_custom_header_template":"","ocean_custom_logo":0,"ocean_custom_retina_logo":0,"ocean_custom_logo_max_width":0,"ocean_custom_logo_tablet_max_width":0,"ocean_custom_logo_mobile_max_width":0,"ocean_custom_logo_max_height":0,"ocean_custom_logo_tablet_max_height":0,"ocean_custom_logo_mobile_max_height":0,"ocean_header_custom_menu":"","ocean_menu_typo_font_family":"","ocean_menu_typo_font_subset":"","ocean_menu_typo_font_size":0,"ocean_menu_typo_font_size_tablet":0,"ocean_menu_typo_font_size_mobile":0,"ocean_menu_typo_font_size_unit":"px","ocean_menu_typo_font_weight":"","ocean_menu_typo_font_weight_tablet":"","ocean_menu_typo_font_weight_mobile":"","ocean_menu_typo_transform":"","ocean_menu_typo_transform_tablet":"","ocean_menu_typo_transform_mobile":"","ocean_menu_typo_line_height":0,"ocean_menu_typo_line_height_tablet":0,"ocean_menu_typo_line_height_mobile":0,"ocean_menu_typo_line_height_unit":"","ocean_menu_typo_spacing":0,"ocean_menu_typo_spacing_tablet":0,"ocean_menu_typo_spacing_mobile":0,"ocean_menu_typo_spacing_unit":"","ocean_menu_link_color":"","ocean_menu_link_color_hover":"","ocean_menu_link_color_active":"","ocean_menu_link_background":"","ocean_menu_link_hover_background":"","ocean_menu_link_active_background":"","ocean_menu_social_links_bg":"","ocean_menu_social_hover_links_bg":"","ocean_menu_social_links_color":"","ocean_menu_social_hover_links_color":"","ocean_disable_title":"default","ocean_disable_heading":"default","ocean_post_title":"","ocean_post_subheading":"","ocean_post_title_style":"","ocean_post_title_background_color":"","ocean_post_title_background":0,"ocean_post_title_bg_image_position":"","ocean_post_title_bg_image_attachment":"","ocean_post_title_bg_image_repeat":"","ocean_post_title_bg_image_size":"","ocean_post_title_height":0,"ocean_post_title_bg_overlay":0.5,"ocean_post_title_bg_overlay_color":"","ocean_disable_breadcrumbs":"default","ocean_breadcrumbs_color":"","ocean_breadcrumbs_separator_color":"","ocean_breadcrumbs_links_color":"","ocean_breadcrumbs_links_hover_color":"","ocean_display_footer_widgets":"default","ocean_display_footer_bottom":"default","ocean_custom_footer_template":"","footnotes":""},"class_list":["post-802","page","type-page","status-publish","hentry","entry"],"rttpg_featured_image_url":null,"rttpg_author":{"display_name":"admin","author_link":"https:\/\/www.sbskft.hu\/en\/author\/admin"},"rttpg_comment":0,"rttpg_category":null,"rttpg_excerpt":"Kedvezm\u00e9nyezett neve:\u00a0SBS Kft. Projekt c\u00edme:\u00a0Kapacit\u00e1sb\u0151v\u00edt\u00e9s az SBS Kft. erd\u0151telki telephely\u00e9n T\u00e1mogat\u00e1s \u00f6sszege:\u00a0920 419 818,- Ft T\u00e1mogat\u00e1s m\u00e9rt\u00e9ke:\u00a050,00 % Projekt tartalm\u00e1nak r\u00f6vid bemutat\u00e1sa: A projekt eredm\u00e9nye: Az SBS Kft. erd\u0151teleki telephely\u00e9n megval\u00f3s\u00edt\u00e1sra ker\u00fcl egy komplex fejleszt\u00e9si program a Sz\u00e9chenyi 2020 program keret\u00e9ben elnyert 920,419 milli\u00f3 forintos t\u00e1mogat\u00e1s seg\u00edts\u00e9g\u00e9vel. A program tartalmaz CNC horizont\u00e1lis megmunk\u00e1l\u00f3 g\u00e9p,...","_links":{"self":[{"href":"https:\/\/www.sbskft.hu\/en\/wp-json\/wp\/v2\/pages\/802"}],"collection":[{"href":"https:\/\/www.sbskft.hu\/en\/wp-json\/wp\/v2\/pages"}],"about":[{"href":"https:\/\/www.sbskft.hu\/en\/wp-json\/wp\/v2\/types\/page"}],"author":[{"embeddable":true,"href":"https:\/\/www.sbskft.hu\/en\/wp-json\/wp\/v2\/users\/1"}],"replies":[{"embeddable":true,"href":"https:\/\/www.sbskft.hu\/en\/wp-json\/wp\/v2\/comments?post=802"}],"version-history":[{"count":8,"href":"https:\/\/www.sbskft.hu\/en\/wp-json\/wp\/v2\/pages\/802\/revisions"}],"predecessor-version":[{"id":1054,"href":"https:\/\/www.sbskft.hu\/en\/wp-json\/wp\/v2\/pages\/802\/revisions\/1054"}],"wp:attachment":[{"href":"https:\/\/www.sbskft.hu\/en\/wp-json\/wp\/v2\/media?parent=802"}],"curies":[{"name":"wp","href":"https:\/\/api.w.org\/{rel}","templated":true}]}}