{"id":788,"date":"2020-09-10T10:30:43","date_gmt":"2020-09-10T10:30:43","guid":{"rendered":"https:\/\/www.sbskft.hu\/?page_id=788"},"modified":"2021-05-06T05:49:47","modified_gmt":"2021-05-06T05:49:47","slug":"ginop-1-2-1","status":"publish","type":"page","link":"https:\/\/www.sbskft.hu\/en\/ginop-1-2-1","title":{"rendered":"ginop 1.2.1"},"content":{"rendered":"<p>[et_pb_section fb_built=\u201d1\u2033 _builder_version=\u201d4.0.2\u2033][et_pb_row column_structure=\u201d1_2,1_2\u2033 _builder_version=\u201d4.0.2\u2033][et_pb_column type=\u201d1_2\u2033 _builder_version=\u201d4.0.2\u2033][et_pb_text _builder_version =\u201d4.0.2\u2033 custom_padding=\u201d|0px||||\u201d]<\/p>\n<ul>\n<li>Beneficiary name:\u00a0<strong>SBS Kft.<\/strong><\/li>\n<li>Project title:\u00a0<strong>Procurement of equipment necessary for capacity expansion at SBS Kft<\/strong><\/li>\n<li>Grant amount:\u00a0<strong>HUF 497,162,534<\/strong><\/li>\n<li>Amount of support:\u00a0<strong>50,00 %<\/strong><\/li>\n<li>Brief presentation of project content:<\/li>\n<\/ul>\n<p>The result of the project:<\/p>\n<p>During technological development, the aim is to increase the efficiency of production, thereby improving its market positions, and to improve the profitability and thus the sustainability of the activity. The equipment to be purchased contributes to this, which are the following: chain belt shot blasting equipment, roller track shot blasting machine, component leveling machine, double bridge plasma cutting machine, welding edge preparation robot, deburring machine, chassis welding robot, bridge scale, coordinate drilling machine, NC sawing machine, hydraulic edge bender, vertical CNC lathe machine, horizontal CNC lathe machine.<\/p>\n<p>The goal of SBS Kft. is to continue to play a leading role in the field of Hungarian welded steel structure production. Maintain or expand the delivery activity to machine tool manufacturers, and strive to deliver welded steel structures representing the largest added summers (of greater complexity and size).<\/p>\n<ul>\n<li>Project start date:\u00a0<strong>2018.04.20.<\/strong><\/li>\n<li>Project identification number:\u00a0<strong>GINOP-1.2.1-16-2017-00283<\/strong><\/li>\n<\/ul>\n<p>&nbsp;<\/p>\n<p>[\/et_pb_text][\/et_pb_column][et_pb_column type=\u201d1_2\u2033 _builder_version=\u201d4.0.2\u2033][et_pb_image src=\u201dhttps:\/\/www.sbskft.hu\/wp-content\/uploads\/2020\/09\/szechenyi- 2020.jpg\u201d _builder_version=\u201d4.0.2\u2033][\/et_pb_image][\/et_pb_column][\/et_pb_row][et_pb_row column_structure=\u201d1_2,1_2\u2033 _builder_version=\u201d4.0.2\u2033][et_pb_column type=\u201d1_2\u2033 _builder_version=\u201d \u201d4.0.2\u2033][et_pb_button button_url=\u201dhttps:\/\/www.sbskft.hu\/wp-content\/uploads\/2020\/09\/Sajtokozlemeny_nyito_GINOP-1_2_1.pdf\u201d button_text=\u201dPress release\u201d _builder_version=\u201d4.0.2\u2033] [\/et_pb_button][et_pb_button button_url=\u201dhttps:\/\/www.sbskft.hu\/wp-content\/uploads\/2021\/05\/Sajtokozlemeny_ERFA_javitott_SBS_zaro_BPE.pdf\u201d button_text=\u201dPress release\u201d _builder_version=\u201d4.0.2\u2033 hover_enabled=\u201d0\u2033 ][\/et_pb_button][\/et_pb_column][et_pb_column type=\u201d1_2\u2033 _builder_version=\u201d4.0.2\u2033][et_pb_image src=\u201dhttps:\/\/www.sbskft.hu\/wp-content\/uploads\/2021\/04\/sbs -ginop.jpg\u201d _builder_version=\u201d4.0.2\u2033][\/et_pb_image][\/et_pb_column][\/et_pb_row][\/et_pb_section]<\/p>","protected":false},"excerpt":{"rendered":"<p>Beneficiary&#039;s name: SBS Kft. Project title: Procurement of equipment necessary for capacity expansion at SBS Kft. Amount of support: HUF 497,162,534.00 Support rate: 50.00 % Brief presentation of the project content: The result of the project: During the technological development, the aim is to increase the efficiency of production, thereby improving its market positions, and improve the profitability of the activity, thereby improving its sustainability. The tools you want to purchase contribute to this,\u2026<\/p>","protected":false},"author":1,"featured_media":0,"parent":0,"menu_order":0,"comment_status":"closed","ping_status":"closed","template":"","meta":{"_et_pb_use_builder":"on","_et_pb_old_content":"","_et_gb_content_width":"","ocean_post_layout":"","ocean_both_sidebars_style":"","ocean_both_sidebars_content_width":0,"ocean_both_sidebars_sidebars_width":0,"ocean_sidebar":"","ocean_second_sidebar":"","ocean_disable_margins":"enable","ocean_add_body_class":"","ocean_shortcode_before_top_bar":"","ocean_shortcode_after_top_bar":"","ocean_shortcode_before_header":"","ocean_shortcode_after_header":"","ocean_has_shortcode":"","ocean_shortcode_after_title":"","ocean_shortcode_before_footer_widgets":"","ocean_shortcode_after_footer_widgets":"","ocean_shortcode_before_footer_bottom":"","ocean_shortcode_after_footer_bottom":"","ocean_display_top_bar":"default","ocean_display_header":"default","ocean_header_style":"","ocean_center_header_left_menu":"","ocean_custom_header_template":"","ocean_custom_logo":0,"ocean_custom_retina_logo":0,"ocean_custom_logo_max_width":0,"ocean_custom_logo_tablet_max_width":0,"ocean_custom_logo_mobile_max_width":0,"ocean_custom_logo_max_height":0,"ocean_custom_logo_tablet_max_height":0,"ocean_custom_logo_mobile_max_height":0,"ocean_header_custom_menu":"","ocean_menu_typo_font_family":"","ocean_menu_typo_font_subset":"","ocean_menu_typo_font_size":0,"ocean_menu_typo_font_size_tablet":0,"ocean_menu_typo_font_size_mobile":0,"ocean_menu_typo_font_size_unit":"px","ocean_menu_typo_font_weight":"","ocean_menu_typo_font_weight_tablet":"","ocean_menu_typo_font_weight_mobile":"","ocean_menu_typo_transform":"","ocean_menu_typo_transform_tablet":"","ocean_menu_typo_transform_mobile":"","ocean_menu_typo_line_height":0,"ocean_menu_typo_line_height_tablet":0,"ocean_menu_typo_line_height_mobile":0,"ocean_menu_typo_line_height_unit":"","ocean_menu_typo_spacing":0,"ocean_menu_typo_spacing_tablet":0,"ocean_menu_typo_spacing_mobile":0,"ocean_menu_typo_spacing_unit":"","ocean_menu_link_color":"","ocean_menu_link_color_hover":"","ocean_menu_link_color_active":"","ocean_menu_link_background":"","ocean_menu_link_hover_background":"","ocean_menu_link_active_background":"","ocean_menu_social_links_bg":"","ocean_menu_social_hover_links_bg":"","ocean_menu_social_links_color":"","ocean_menu_social_hover_links_color":"","ocean_disable_title":"default","ocean_disable_heading":"default","ocean_post_title":"","ocean_post_subheading":"","ocean_post_title_style":"","ocean_post_title_background_color":"","ocean_post_title_background":0,"ocean_post_title_bg_image_position":"","ocean_post_title_bg_image_attachment":"","ocean_post_title_bg_image_repeat":"","ocean_post_title_bg_image_size":"","ocean_post_title_height":0,"ocean_post_title_bg_overlay":0.5,"ocean_post_title_bg_overlay_color":"","ocean_disable_breadcrumbs":"default","ocean_breadcrumbs_color":"","ocean_breadcrumbs_separator_color":"","ocean_breadcrumbs_links_color":"","ocean_breadcrumbs_links_hover_color":"","ocean_display_footer_widgets":"default","ocean_display_footer_bottom":"default","ocean_custom_footer_template":"","footnotes":""},"class_list":["post-788","page","type-page","status-publish","hentry","entry"],"rttpg_featured_image_url":null,"rttpg_author":{"display_name":"admin","author_link":"https:\/\/www.sbskft.hu\/en\/author\/admin"},"rttpg_comment":0,"rttpg_category":null,"rttpg_excerpt":"Kedvezm\u00e9nyezett neve:\u00a0SBS Kft. Projekt c\u00edme:\u00a0Kapacit\u00e1sb\u0151v\u00edt\u00e9shez sz\u00fcks\u00e9ges eszk\u00f6z\u00f6k beszerz\u00e9se az SBS Kft-n\u00e9l T\u00e1mogat\u00e1s \u00f6sszege:\u00a0497 162 534,- Ft T\u00e1mogat\u00e1s m\u00e9rt\u00e9ke:\u00a050,00 % Projekt tartalm\u00e1nak r\u00f6vid bemutat\u00e1sa: A projekt eredm\u00e9nye: A technol\u00f3giai fejleszt\u00e9s sor\u00e1n c\u00e9lja, hogy n\u00f6vekedjen a termel\u00e9s hat\u00e9konys\u00e1ga, ez\u00e1ltal javuljanak piaci poz\u00edci\u00f3i, illetve javuljon a tev\u00e9kenys\u00e9g nyeres\u00e9gess\u00e9ge, ez\u00e1ltal fenntarthat\u00f3s\u00e1ga. Ehhez j\u00e1rulnak hozz\u00e1 a beszerezni k\u00edv\u00e1nt eszk\u00f6z\u00f6k,...","_links":{"self":[{"href":"https:\/\/www.sbskft.hu\/en\/wp-json\/wp\/v2\/pages\/788"}],"collection":[{"href":"https:\/\/www.sbskft.hu\/en\/wp-json\/wp\/v2\/pages"}],"about":[{"href":"https:\/\/www.sbskft.hu\/en\/wp-json\/wp\/v2\/types\/page"}],"author":[{"embeddable":true,"href":"https:\/\/www.sbskft.hu\/en\/wp-json\/wp\/v2\/users\/1"}],"replies":[{"embeddable":true,"href":"https:\/\/www.sbskft.hu\/en\/wp-json\/wp\/v2\/comments?post=788"}],"version-history":[{"count":10,"href":"https:\/\/www.sbskft.hu\/en\/wp-json\/wp\/v2\/pages\/788\/revisions"}],"predecessor-version":[{"id":924,"href":"https:\/\/www.sbskft.hu\/en\/wp-json\/wp\/v2\/pages\/788\/revisions\/924"}],"wp:attachment":[{"href":"https:\/\/www.sbskft.hu\/en\/wp-json\/wp\/v2\/media?parent=788"}],"curies":[{"name":"wp","href":"https:\/\/api.w.org\/{rel}","templated":true}]}}