{"id":3159,"date":"2025-03-14T08:50:12","date_gmt":"2025-03-14T08:50:12","guid":{"rendered":"https:\/\/www.sbskft.hu\/?page_id=3159"},"modified":"2025-03-14T10:52:45","modified_gmt":"2025-03-14T10:52:45","slug":"ginop-plusz-3-2-1-21","status":"publish","type":"page","link":"https:\/\/www.sbskft.hu\/en\/ginop-plusz-3-2-1-21","title":{"rendered":"GINOP PLUS-3.2.1-21"},"content":{"rendered":"<div data-elementor-type=\"wp-page\" data-elementor-id=\"3159\" class=\"elementor elementor-3159\" data-elementor-post-type=\"page\">\n\t\t\t\t\t\t<section class=\"elementor-section elementor-top-section elementor-element elementor-element-63321415 elementor-section-boxed elementor-section-height-default elementor-section-height-default\" data-id=\"63321415\" data-element_type=\"section\">\n\t\t\t\t\t\t<div class=\"elementor-container elementor-column-gap-default\">\n\t\t\t\t\t<div class=\"elementor-column elementor-col-100 elementor-top-column elementor-element elementor-element-90f3bd5\" data-id=\"90f3bd5\" data-element_type=\"column\">\n\t\t\t<div class=\"elementor-widget-wrap elementor-element-populated\">\n\t\t\t\t\t\t<div class=\"elementor-element elementor-element-26d4cc93 elementor-widget elementor-widget-text-editor\" data-id=\"26d4cc93\" data-element_type=\"widget\" data-widget_type=\"text-editor.default\">\n\t\t\t\t<div class=\"elementor-widget-container\">\n\t\t\t<style>\/*! elementor - v3.23.0 - 15-07-2024 *\/\n.elementor-widget-text-editor.elementor-drop-cap-view-stacked .elementor-drop-cap{background-color:#69727d;color:#fff}.elementor-widget-text-editor.elementor-drop-cap-view-framed .elementor-drop-cap{color:#69727d;border:3px solid;background-color:transparent}.elementor-widget-text-editor:not(.elementor-drop-cap-view-default) .elementor-drop-cap{margin-top:8px}.elementor-widget-text-editor:not(.elementor-drop-cap-view-default) .elementor-drop-cap-letter{width:1em;height:1em}.elementor-widget-text-editor .elementor-drop-cap{float:left;text-align:center;line-height:1;font-size:50px}.elementor-widget-text-editor .elementor-drop-cap-letter{display:inline-block}<\/style>\t\t\t\t<!-- wp:divi\/placeholder \/-->\t\t\t\t\t\t<\/div>\n\t\t\t\t<\/div>\n\t\t\t\t\t<\/div>\n\t\t<\/div>\n\t\t\t\t\t<\/div>\n\t\t<\/section>\n\t\t\t\t<section class=\"elementor-section elementor-top-section elementor-element elementor-element-800ffbb elementor-section-boxed elementor-section-height-default elementor-section-height-default\" data-id=\"800ffbb\" data-element_type=\"section\">\n\t\t\t\t\t\t<div class=\"elementor-container elementor-column-gap-default\">\n\t\t\t\t\t<div class=\"elementor-column elementor-col-100 elementor-top-column elementor-element elementor-element-9386ab6\" data-id=\"9386ab6\" data-element_type=\"column\">\n\t\t\t<div class=\"elementor-widget-wrap elementor-element-populated\">\n\t\t\t\t\t\t<div class=\"elementor-element elementor-element-d0b610c elementor-widget elementor-widget-image\" data-id=\"d0b610c\" data-element_type=\"widget\" data-widget_type=\"image.default\">\n\t\t\t\t<div class=\"elementor-widget-container\">\n\t\t\t<style>\/*! elementor - v3.23.0 - 15-07-2024 *\/\n.elementor-widget-image{text-align:center}.elementor-widget-image a{display:inline-block}.elementor-widget-image a img[src$=\".svg\"]{width:48px}.elementor-widget-image img{vertical-align:middle;display:inline-block}<\/style>\t\t\t\t\t\t\t\t\t\t<img fetchpriority=\"high\" decoding=\"async\" width=\"1024\" height=\"306\" src=\"https:\/\/www.sbskft.hu\/wp-content\/uploads\/2025\/03\/Palyazati-logo-1024x306.jpg\" class=\"attachment-large size-large wp-image-3164\" alt=\"\" \/>\t\t\t\t\t\t\t\t\t\t\t\t\t<\/div>\n\t\t\t\t<\/div>\n\t\t\t\t\t<\/div>\n\t\t<\/div>\n\t\t\t\t\t<\/div>\n\t\t<\/section>\n\t\t\t\t<section class=\"elementor-section elementor-top-section elementor-element elementor-element-5ca4948 elementor-section-boxed elementor-section-height-default elementor-section-height-default\" data-id=\"5ca4948\" data-element_type=\"section\">\n\t\t\t\t\t\t<div class=\"elementor-container elementor-column-gap-default\">\n\t\t\t\t\t<div class=\"elementor-column elementor-col-100 elementor-top-column elementor-element elementor-element-7872b80\" data-id=\"7872b80\" data-element_type=\"column\">\n\t\t\t<div class=\"elementor-widget-wrap elementor-element-populated\">\n\t\t\t\t\t\t<div class=\"elementor-element elementor-element-5aa712f elementor-widget elementor-widget-text-editor\" data-id=\"5aa712f\" data-element_type=\"widget\" data-widget_type=\"text-editor.default\">\n\t\t\t\t<div class=\"elementor-widget-container\">\n\t\t\t\t\t\t\t<p>\u00a0<\/p>\n<ul>\n<li><strong>Beneficiary name:\u00a0<\/strong>SBS Kft.<\/li>\n<li><strong>Project title:<\/strong>\u00a0 Improving the adaptability and productivity of workers and companies through workforce development<\/li>\n<li>\n<p><strong>Amount of contracted support:<\/strong> 31,491,000 HUF<\/p>\n<\/li>\n<\/ul>\n<p><span style=\"text-decoration: underline;\"><strong>Name and purpose of training courses:<\/strong><\/span><\/p>\n<p><strong>Efficiency improvement:<\/strong> The goal of the training is for participants to develop skills that contribute to their own effectiveness.<\/p>\n<p><strong>Online IT tools: <\/strong>The aim of the training is to gain knowledge about the possibilities of online IT tools.<\/p>\n<p><strong>Time management: <\/strong>Learn the basics of personal effectiveness, master and practice prioritization and time management techniques.<\/p>\n<p>Detailed presentation of the training courses:<\/p>\n<p><strong>Efficiency improvement: <\/strong>The training included 1 curriculum unit.<\/p>\n<ol>\n<li>Effectiveness development: The aim of the curriculum unit is for participants to develop the skills that contribute to their own effectiveness.<\/li>\n<\/ol>\n<p><strong>Online IT tools: <\/strong>The training included 1 curriculum unit.<\/p>\n<ol>\n<li>Online IT tools: The aim of the curriculum unit is to familiarize yourself with the possibilities of online IT tools.<\/li>\n<\/ol>\n<p><strong>Time management: <\/strong>The training included 2 curriculum units.<\/p>\n<ol>\n<li>Fundamentals of Personal Effectiveness: The aim of the curriculum unit is to acquire knowledge related to the fundamentals of personal effectiveness.<\/li>\n<li>Learning about time management: The aim of the learning unit is for participants to be able to manage their time.<\/li>\n<\/ol>\n<p><span style=\"text-decoration: underline;\"><strong>Duration of the training:<\/strong><\/span><\/p>\n<ul>\n<li><strong>Efficiency improvement<\/strong> 2025.03.24. &#8211; 2025.04.30.<\/li>\n<li><strong>Online IT tools<\/strong> 2025.05.05. &#8211; 2025.05.21.<\/li>\n<li><strong>Time management<\/strong> 2025.05.22. &#8211; 2025.05.30.<\/li>\n<\/ul>\n<p>\u00a0<\/p>\t\t\t\t\t\t<\/div>\n\t\t\t\t<\/div>\n\t\t\t\t\t<\/div>\n\t\t<\/div>\n\t\t\t\t\t<\/div>\n\t\t<\/section>\n\t\t\t\t<\/div>","protected":false},"excerpt":{"rendered":"<p>\u00a0 Kedvezm\u00e9nyezett neve:\u00a0SBS Kft. Projekt c\u00edme:\u00a0 A munkav\u00e1llal\u00f3k \u00e9s v\u00e1llalatok alkalmazkod\u00f3k\u00e9pess\u00e9g\u00e9nek \u00e9s termel\u00e9kenys\u00e9g\u00e9nek jav\u00edt\u00e1sa a munkaer\u0151 fejleszt\u00e9s\u00e9n kereszt\u00fcl A szerz\u0151d\u00f6tt t\u00e1mogat\u00e1s \u00f6sszege: 31 491\u00a0000 Ft K\u00e9pz\u00e9sek elnevez\u00e9se \u00e9s c\u00e9lja: Hat\u00e9konys\u00e1gfejleszt\u00e9s: A k\u00e9pz\u00e9s c\u00e9lja, hogy a r\u00e9sztvev\u0151k fejlessz\u00e9k azon k\u00e9pess\u00e9geiket, melyek hozz\u00e1j\u00e1rulnak \u00f6nmaguk hat\u00e9konys\u00e1g\u00e1hoz. Online informatikai eszk\u00f6z\u00f6k: A k\u00e9pz\u00e9s c\u00e9lja az online informatikai eszk\u00f6z\u00f6k lehet\u0151s\u00e9geinek ismerete. [&hellip;]<\/p>","protected":false},"author":1,"featured_media":0,"parent":0,"menu_order":0,"comment_status":"closed","ping_status":"closed","template":"","meta":{"_et_pb_use_builder":"","_et_pb_old_content":"","_et_gb_content_width":"","ocean_post_layout":"","ocean_both_sidebars_style":"","ocean_both_sidebars_content_width":0,"ocean_both_sidebars_sidebars_width":0,"ocean_sidebar":"","ocean_second_sidebar":"","ocean_disable_margins":"enable","ocean_add_body_class":"","ocean_shortcode_before_top_bar":"","ocean_shortcode_after_top_bar":"","ocean_shortcode_before_header":"","ocean_shortcode_after_header":"","ocean_has_shortcode":"","ocean_shortcode_after_title":"","ocean_shortcode_before_footer_widgets":"","ocean_shortcode_after_footer_widgets":"","ocean_shortcode_before_footer_bottom":"","ocean_shortcode_after_footer_bottom":"","ocean_display_top_bar":"default","ocean_display_header":"default","ocean_header_style":"","ocean_center_header_left_menu":"","ocean_custom_header_template":"","ocean_custom_logo":0,"ocean_custom_retina_logo":0,"ocean_custom_logo_max_width":0,"ocean_custom_logo_tablet_max_width":0,"ocean_custom_logo_mobile_max_width":0,"ocean_custom_logo_max_height":0,"ocean_custom_logo_tablet_max_height":0,"ocean_custom_logo_mobile_max_height":0,"ocean_header_custom_menu":"","ocean_menu_typo_font_family":"","ocean_menu_typo_font_subset":"","ocean_menu_typo_font_size":0,"ocean_menu_typo_font_size_tablet":0,"ocean_menu_typo_font_size_mobile":0,"ocean_menu_typo_font_size_unit":"px","ocean_menu_typo_font_weight":"","ocean_menu_typo_font_weight_tablet":"","ocean_menu_typo_font_weight_mobile":"","ocean_menu_typo_transform":"","ocean_menu_typo_transform_tablet":"","ocean_menu_typo_transform_mobile":"","ocean_menu_typo_line_height":0,"ocean_menu_typo_line_height_tablet":0,"ocean_menu_typo_line_height_mobile":0,"ocean_menu_typo_line_height_unit":"","ocean_menu_typo_spacing":0,"ocean_menu_typo_spacing_tablet":0,"ocean_menu_typo_spacing_mobile":0,"ocean_menu_typo_spacing_unit":"","ocean_menu_link_color":"","ocean_menu_link_color_hover":"","ocean_menu_link_color_active":"","ocean_menu_link_background":"","ocean_menu_link_hover_background":"","ocean_menu_link_active_background":"","ocean_menu_social_links_bg":"","ocean_menu_social_hover_links_bg":"","ocean_menu_social_links_color":"","ocean_menu_social_hover_links_color":"","ocean_disable_title":"default","ocean_disable_heading":"default","ocean_post_title":"","ocean_post_subheading":"","ocean_post_title_style":"","ocean_post_title_background_color":"","ocean_post_title_background":0,"ocean_post_title_bg_image_position":"","ocean_post_title_bg_image_attachment":"","ocean_post_title_bg_image_repeat":"","ocean_post_title_bg_image_size":"","ocean_post_title_height":0,"ocean_post_title_bg_overlay":0.5,"ocean_post_title_bg_overlay_color":"","ocean_disable_breadcrumbs":"default","ocean_breadcrumbs_color":"","ocean_breadcrumbs_separator_color":"","ocean_breadcrumbs_links_color":"","ocean_breadcrumbs_links_hover_color":"","ocean_display_footer_widgets":"default","ocean_display_footer_bottom":"default","ocean_custom_footer_template":"","footnotes":""},"class_list":["post-3159","page","type-page","status-publish","hentry","entry"],"rttpg_featured_image_url":null,"rttpg_author":{"display_name":"admin","author_link":"https:\/\/www.sbskft.hu\/en\/author\/admin"},"rttpg_comment":0,"rttpg_category":null,"rttpg_excerpt":"\u00a0 Kedvezm\u00e9nyezett neve:\u00a0SBS Kft. Projekt c\u00edme:\u00a0 A munkav\u00e1llal\u00f3k \u00e9s v\u00e1llalatok alkalmazkod\u00f3k\u00e9pess\u00e9g\u00e9nek \u00e9s termel\u00e9kenys\u00e9g\u00e9nek jav\u00edt\u00e1sa a munkaer\u0151 fejleszt\u00e9s\u00e9n kereszt\u00fcl A szerz\u0151d\u00f6tt t\u00e1mogat\u00e1s \u00f6sszege: 31 491\u00a0000 Ft K\u00e9pz\u00e9sek elnevez\u00e9se \u00e9s c\u00e9lja: Hat\u00e9konys\u00e1gfejleszt\u00e9s: A k\u00e9pz\u00e9s c\u00e9lja, hogy a r\u00e9sztvev\u0151k fejlessz\u00e9k azon k\u00e9pess\u00e9geiket, melyek hozz\u00e1j\u00e1rulnak \u00f6nmaguk hat\u00e9konys\u00e1g\u00e1hoz. Online informatikai eszk\u00f6z\u00f6k: A k\u00e9pz\u00e9s c\u00e9lja az online informatikai eszk\u00f6z\u00f6k lehet\u0151s\u00e9geinek ismerete.&hellip;","_links":{"self":[{"href":"https:\/\/www.sbskft.hu\/en\/wp-json\/wp\/v2\/pages\/3159"}],"collection":[{"href":"https:\/\/www.sbskft.hu\/en\/wp-json\/wp\/v2\/pages"}],"about":[{"href":"https:\/\/www.sbskft.hu\/en\/wp-json\/wp\/v2\/types\/page"}],"author":[{"embeddable":true,"href":"https:\/\/www.sbskft.hu\/en\/wp-json\/wp\/v2\/users\/1"}],"replies":[{"embeddable":true,"href":"https:\/\/www.sbskft.hu\/en\/wp-json\/wp\/v2\/comments?post=3159"}],"version-history":[{"count":14,"href":"https:\/\/www.sbskft.hu\/en\/wp-json\/wp\/v2\/pages\/3159\/revisions"}],"predecessor-version":[{"id":3179,"href":"https:\/\/www.sbskft.hu\/en\/wp-json\/wp\/v2\/pages\/3159\/revisions\/3179"}],"wp:attachment":[{"href":"https:\/\/www.sbskft.hu\/en\/wp-json\/wp\/v2\/media?parent=3159"}],"curies":[{"name":"wp","href":"https:\/\/api.w.org\/{rel}","templated":true}]}}