{"id":1876,"date":"2023-07-13T14:29:04","date_gmt":"2023-07-13T14:29:04","guid":{"rendered":"https:\/\/www.sbskft.hu\/?page_id=1876"},"modified":"2023-07-18T07:34:17","modified_gmt":"2023-07-18T07:34:17","slug":"adatkezeles","status":"publish","type":"page","link":"https:\/\/www.sbskft.hu\/en\/adatkezeles","title":{"rendered":"Privacy Policy"},"content":{"rendered":"<div data-elementor-type=\"wp-page\" data-elementor-id=\"1876\" class=\"elementor elementor-1876\" data-elementor-post-type=\"page\">\n\t\t\t\t\t\t<section class=\"elementor-section elementor-top-section elementor-element elementor-element-77258804 elementor-section-content-middle elementor-section-stretched elementor-section-boxed elementor-section-height-default elementor-section-height-default\" data-id=\"77258804\" data-element_type=\"section\" data-settings=\"{&quot;background_background&quot;:&quot;classic&quot;,&quot;stretch_section&quot;:&quot;section-stretched&quot;}\">\n\t\t\t\t\t\t<div class=\"elementor-container elementor-column-gap-no\">\n\t\t\t\t\t<div class=\"elementor-column elementor-col-100 elementor-top-column elementor-element elementor-element-27941f17\" data-id=\"27941f17\" data-element_type=\"column\" data-settings=\"{&quot;background_background&quot;:&quot;classic&quot;}\">\n\t\t\t<div class=\"elementor-widget-wrap elementor-element-populated\">\n\t\t\t\t\t\t<div class=\"elementor-element elementor-element-5f8bcb2a elementor-widget elementor-widget-image\" data-id=\"5f8bcb2a\" data-element_type=\"widget\" data-widget_type=\"image.default\">\n\t\t\t\t<div class=\"elementor-widget-container\">\n\t\t\t<style>\/*! elementor - v3.23.0 - 15-07-2024 *\/\n.elementor-widget-image{text-align:center}.elementor-widget-image a{display:inline-block}.elementor-widget-image a img[src$=\".svg\"]{width:48px}.elementor-widget-image img{vertical-align:middle;display:inline-block}<\/style>\t\t\t\t\t\t\t\t\t\t<img fetchpriority=\"high\" decoding=\"async\" width=\"2362\" height=\"802\" src=\"https:\/\/www.sbskft.hu\/wp-content\/uploads\/2023\/05\/kep_1.jpg\" class=\"attachment-full size-full wp-image-1171\" alt=\"\" \/>\t\t\t\t\t\t\t\t\t\t\t\t\t<\/div>\n\t\t\t\t<\/div>\n\t\t\t\t<section class=\"elementor-section elementor-inner-section elementor-element elementor-element-621c7d81 elementor-section-boxed elementor-section-height-default elementor-section-height-default\" data-id=\"621c7d81\" data-element_type=\"section\">\n\t\t\t\t\t\t<div class=\"elementor-container elementor-column-gap-wider\">\n\t\t\t\t\t<div class=\"elementor-column elementor-col-100 elementor-inner-column elementor-element elementor-element-375d5640\" data-id=\"375d5640\" data-element_type=\"column\" data-settings=\"{&quot;background_background&quot;:&quot;classic&quot;}\">\n\t\t\t<div class=\"elementor-widget-wrap elementor-element-populated\">\n\t\t\t\t\t\t<div class=\"elementor-element elementor-element-355eeb95 elementor-invisible elementor-widget elementor-widget-heading\" data-id=\"355eeb95\" data-element_type=\"widget\" data-settings=\"{&quot;_animation&quot;:&quot;fadeIn&quot;}\" data-widget_type=\"heading.default\">\n\t\t\t\t<div class=\"elementor-widget-container\">\n\t\t\t<style>\/*! elementor - v3.23.0 - 15-07-2024 *\/\n.elementor-heading-title{padding:0;margin:0;line-height:1}.elementor-widget-heading .elementor-heading-title[class*=elementor-size-]>a{color:inherit;font-size:inherit;line-height:inherit}.elementor-widget-heading .elementor-heading-title.elementor-size-small{font-size:15px}.elementor-widget-heading .elementor-heading-title.elementor-size-medium{font-size:19px}.elementor-widget-heading .elementor-heading-title.elementor-size-large{font-size:29px}.elementor-widget-heading .elementor-heading-title.elementor-size-xl{font-size:39px}.elementor-widget-heading .elementor-heading-title.elementor-size-xxl{font-size:59px}<\/style><h2 class=\"elementor-heading-title elementor-size-xxl\">PRIVACY POLICY<\/h2>\t\t<\/div>\n\t\t\t\t<\/div>\n\t\t\t\t<div class=\"elementor-element elementor-element-715ebbc0 elementor-invisible elementor-widget elementor-widget-heading\" data-id=\"715ebbc0\" data-element_type=\"widget\" data-settings=\"{&quot;_animation&quot;:&quot;fadeIn&quot;}\" data-widget_type=\"heading.default\">\n\t\t\t\t<div class=\"elementor-widget-container\">\n\t\t\t<h5 class=\"elementor-heading-title elementor-size-medium\">Declaration on the protection of personal data.<\/h5>\t\t<\/div>\n\t\t\t\t<\/div>\n\t\t\t\t<div class=\"elementor-element elementor-element-1941a431 elementor-widget-divider--view-line elementor-invisible elementor-widget elementor-widget-divider\" data-id=\"1941a431\" data-element_type=\"widget\" data-settings=\"{&quot;_animation&quot;:&quot;fadeInUp&quot;}\" data-widget_type=\"divider.default\">\n\t\t\t\t<div class=\"elementor-widget-container\">\n\t\t\t<style>\/*! elementor - v3.23.0 - 15-07-2024 *\/\n.elementor-widget-divider{--divider-border-style:none;--divider-border-width:1px;--divider-color:#0c0d0e;--divider-icon-size:20px;--divider-element-spacing:10px;--divider-pattern-height:24px;--divider-pattern-size:20px;--divider-pattern-url:none;--divider-pattern-repeat:repeat-x}.elementor-widget-divider .elementor-divider{display:flex}.elementor-widget-divider .elementor-divider__text{font-size:15px;line-height:1;max-width:95%}.elementor-widget-divider .elementor-divider__element{margin:0 var(--divider-element-spacing);flex-shrink:0}.elementor-widget-divider .elementor-icon{font-size:var(--divider-icon-size)}.elementor-widget-divider .elementor-divider-separator{display:flex;margin:0;direction:ltr}.elementor-widget-divider--view-line_icon .elementor-divider-separator,.elementor-widget-divider--view-line_text .elementor-divider-separator{align-items:center}.elementor-widget-divider--view-line_icon .elementor-divider-separator:after,.elementor-widget-divider--view-line_icon .elementor-divider-separator:before,.elementor-widget-divider--view-line_text .elementor-divider-separator:after,.elementor-widget-divider--view-line_text .elementor-divider-separator:before{display:block;content:\"\";border-block-end:0;flex-grow:1;border-block-start:var(--divider-border-width) var(--divider-border-style) var(--divider-color)}.elementor-widget-divider--element-align-left .elementor-divider .elementor-divider-separator>.elementor-divider__svg:first-of-type{flex-grow:0;flex-shrink:100}.elementor-widget-divider--element-align-left .elementor-divider-separator:before{content:none}.elementor-widget-divider--element-align-left .elementor-divider__element{margin-left:0}.elementor-widget-divider--element-align-right .elementor-divider .elementor-divider-separator>.elementor-divider__svg:last-of-type{flex-grow:0;flex-shrink:100}.elementor-widget-divider--element-align-right .elementor-divider-separator:after{content:none}.elementor-widget-divider--element-align-right .elementor-divider__element{margin-right:0}.elementor-widget-divider--element-align-start .elementor-divider .elementor-divider-separator>.elementor-divider__svg:first-of-type{flex-grow:0;flex-shrink:100}.elementor-widget-divider--element-align-start .elementor-divider-separator:before{content:none}.elementor-widget-divider--element-align-start .elementor-divider__element{margin-inline-start:0}.elementor-widget-divider--element-align-end .elementor-divider .elementor-divider-separator>.elementor-divider__svg:last-of-type{flex-grow:0;flex-shrink:100}.elementor-widget-divider--element-align-end .elementor-divider-separator:after{content:none}.elementor-widget-divider--element-align-end .elementor-divider__element{margin-inline-end:0}.elementor-widget-divider:not(.elementor-widget-divider--view-line_text):not(.elementor-widget-divider--view-line_icon) .elementor-divider-separator{border-block-start:var(--divider-border-width) var(--divider-border-style) var(--divider-color)}.elementor-widget-divider--separator-type-pattern{--divider-border-style:none}.elementor-widget-divider--separator-type-pattern.elementor-widget-divider--view-line .elementor-divider-separator,.elementor-widget-divider--separator-type-pattern:not(.elementor-widget-divider--view-line) .elementor-divider-separator:after,.elementor-widget-divider--separator-type-pattern:not(.elementor-widget-divider--view-line) .elementor-divider-separator:before,.elementor-widget-divider--separator-type-pattern:not([class*=elementor-widget-divider--view]) .elementor-divider-separator{width:100%;min-height:var(--divider-pattern-height);-webkit-mask-size:var(--divider-pattern-size) 100%;mask-size:var(--divider-pattern-size) 100%;-webkit-mask-repeat:var(--divider-pattern-repeat);mask-repeat:var(--divider-pattern-repeat);background-color:var(--divider-color);-webkit-mask-image:var(--divider-pattern-url);mask-image:var(--divider-pattern-url)}.elementor-widget-divider--no-spacing{--divider-pattern-size:auto}.elementor-widget-divider--bg-round{--divider-pattern-repeat:round}.rtl .elementor-widget-divider .elementor-divider__text{direction:rtl}.e-con-inner>.elementor-widget-divider,.e-con>.elementor-widget-divider{width:var(--container-widget-width,100%);--flex-grow:var(--container-widget-flex-grow)}<\/style>\t\t<div class=\"elementor-divider\">\n\t\t\t<span class=\"elementor-divider-separator\">\n\t\t\t\t\t\t<\/span>\n\t\t<\/div>\n\t\t\t\t<\/div>\n\t\t\t\t<\/div>\n\t\t\t\t<div class=\"elementor-element elementor-element-4232a8e7 elementor-widget elementor-widget-text-editor\" data-id=\"4232a8e7\" data-element_type=\"widget\" data-widget_type=\"text-editor.default\">\n\t\t\t\t<div class=\"elementor-widget-container\">\n\t\t\t<style>\/*! elementor - v3.23.0 - 15-07-2024 *\/\n.elementor-widget-text-editor.elementor-drop-cap-view-stacked .elementor-drop-cap{background-color:#69727d;color:#fff}.elementor-widget-text-editor.elementor-drop-cap-view-framed .elementor-drop-cap{color:#69727d;border:3px solid;background-color:transparent}.elementor-widget-text-editor:not(.elementor-drop-cap-view-default) .elementor-drop-cap{margin-top:8px}.elementor-widget-text-editor:not(.elementor-drop-cap-view-default) .elementor-drop-cap-letter{width:1em;height:1em}.elementor-widget-text-editor .elementor-drop-cap{float:left;text-align:center;line-height:1;font-size:50px}.elementor-widget-text-editor .elementor-drop-cap-letter{display:inline-block}<\/style>\t\t\t\t<p>Name of data controller: <strong>SBS Kft.<\/strong><br>Company registration number of data controller: <strong>10-09-022636<\/strong><br>Headquarters of the data controller: <strong>3358 Erd\u0151telek F\u0151 \u00fat Kal\u00e1sz tanya 0340\/1. hrs.<\/strong><br>E-availability of data manager: <strong>sbskft@sbskft.hu<\/strong><br>Data controller representative: <strong>L\u00e1szl\u00f3 Balogh (executive director)<\/strong><\/p>\n<p><strong><br>1. Data management rules<\/strong><br>The temporal validity of this data management policy lasts from January 1, 2018 until its withdrawal.<br>The conceptual framework of this information is the same as Regulation No. 2016\/679 of the European Parliament and the Council (EU) of April 27, 2016 - on the protection of natural persons with regard to the processing of personal data and on the free flow of such data, as well as the 95\/46\/ CXII of 2011 on the repeal of the EC Regulation (general data protection regulation) - and on the right to self-determination of information and freedom of information. interpretative explanations defined by law. It is possible to process personal data only in order to exercise a right or fulfill an obligation.<br>The use of personal data managed by the Company for private purposes is prohibited. Data management must always comply with the principle of purpose-boundness.<br>As a general rule, the legal basis for data management is the consent of the data subject, as well as the provisions of the law in the case of certain data management (for example: personal data included in the invoice).<br>At the time of data collection, the Data Controller informs the Data Subject that the data management is governed by the Data Management Information.<br>Accepting the Data Management Information (in writing) confirms that you have read the Data Management Information and is considered data management consent.<br>The Company processes personal data only for a specific purpose, in order to exercise a right and fulfill an obligation, based on the prior consent of the data subject or the law or legal authorization, to the minimum extent and for the time necessary to achieve the purpose. At all stages of data management, the purpose must be met - and if the purpose of data management ceases, or the data management is otherwise illegal, the data will be deleted.<br>Before recording the data, the Company always informs the data subject of the purpose of the data management and the legal basis of the data management.<br>If the person subject to the regulations becomes aware that the personal data managed by the Enterprise is incorrect, incomplete or out of date, he must correct it or initiate its correction with the employee responsible for recording the data.<br>In the course of their work, the Company&#039;s employees ensure that unauthorized persons cannot access personal data, and that personal data is stored and placed in such a way that it cannot be accessed, known, changed, or destroyed by unauthorized persons.<br>The company&#039;s data protection system is supervised by the managing director.<\/p>\n<p><strong>2. In order to protect personal data, the employee has the following rights:<br><\/strong><br>\uf076 Right to information<br>SBS Kft. takes appropriate measures in order to provide employees with all the information mentioned in Articles 13 and 14 of the GDPR and Articles 15-22 regarding the handling of personal data. and each piece of information according to Article 34 is concise, transparent,<br>provide it in an understandable and easily accessible form, clearly and comprehensibly worded.<\/p>\n<p>\uf076 Employee&#039;s right of access<br>The employee has the right to receive feedback from the data controller as to whether his personal data is being processed, and if such data processing is in progress, he is entitled to have access to the personal data and the following information<br>get: the purposes of data management; categories of personal data concerned; the recipients or categories of recipients to whom or to whom the personal data has been or will be communicated, including in particular recipients in third countries and international organizations; the planned period of storage of personal data; the right to rectification, deletion or limitation of data processing and the right to protest; the right to submit a complaint to the supervisory authority; information about data sources; automated decision making<br>fact, including profiling, as well as comprehensible information about the applied logic and the significance of such data management and the expected consequences for the employee. The data controller counted from the submission of the request<br>provide the information within a maximum of one month.<\/p>\n<p>\uf076 Right to rectification<br>The employee can request the correction of inaccurate personal data managed by SBS Kft. and the addition of incomplete data.<br><br>\uf076 Right to erasure<br>If one of the following reasons exists, the employee has the right to request that SBS Kft. delete his\/her personal data without undue delay:<br>a) personal data are no longer needed for the purpose for which they were collected or otherwise processed;<br>b) the employee withdraws his consent, which is the basis of the data processing, and there is no other legal basis for the data processing;<br>c) the employee objects to data processing and there is no overriding legal reason for data processing;<br>d) personal data were handled unlawfully;<br>e) personal data must be deleted in order to fulfill the legal obligation prescribed by EU or Member State law applicable to the data controller;<br>f) the collection of personal data took place in connection with the offering of services related to the information society.<br>Data deletion cannot be initiated if data management is necessary: for the purpose of exercising the right to freedom of expression and information; for the purpose of fulfilling the obligation under the EU or Member State law applicable to the data controller requiring the processing of personal data, or for the execution of a task performed in the public interest or in the context of the exercise of public authority conferred on the data controller; relating to the field of public health, or for archival, scientific and historical research purposes&nbsp;<span style=\"font-size: 12px; color: var( --e-global-color-text );\">or for statistical purposes, based on public interest; or to submit legal claims,&nbsp;<\/span><span style=\"font-size: 12px; color: var( --e-global-color-text );\">for its enforcement and protection.<\/span><\/p>\n<p>\uf076 The right to restrict data processing<br>At the employee&#039;s request, SBS Kft. restricts data processing if one of the following conditions is met:<br>a) the employee disputes the accuracy of the personal data, in which case the limitation applies to the period that allows the verification of the accuracy of the personal data;<br>b) the data management is illegal and the employee opposes the deletion of the data and instead requests the restriction of their use;<br>c) the data controller no longer needs the personal data for the purpose of data management, but the employee requires them to present, enforce or defend legal claims; obsession<br>d) the employee objected to data processing; in this case, the limitation applies to the period until it is determined whether the legitimate reasons of the data controller take precedence over the legitimate reasons of the data controller. If data management is subject to restrictions, personal data may only be processed with the consent of the employee, with the exception of storage, or to submit, enforce or defend legal claims, or to protect the rights of another natural or legal person, or in the important public interest of the Union or a member state.<\/p>\n<p>\uf076 Right to data portability<br>The employee has the right to receive the personal data concerning him\/her provided to the data controller in a segmented, widely used, machine-readable format, and to forward this data to another data controller<\/p>\n<p>\uf076 Right to protest<br>The employee has the right, for reasons related to his own situation, to object at any time to the processing of his personal data necessary for the performance of a task carried out in the public interest or within the framework of the exercise of a public authority vested in the data controller, or the processing necessary to enforce the legitimate interests of the data controller or a third party, including profiling based on the aforementioned provisions too. In the event of a protest, the data controller may no longer process the personal data, unless it is justified by compelling legitimate reasons that take precedence over the interests, rights and freedoms of the employee, or that are related to the submission, enforcement or defense of legal claims.<\/p>\n<p>\uf076 Automated decision-making in individual cases, including profiling<br>The employee has the right not to be covered by a decision based solely on automated data management, including profiling, which would have legal effects on him or affect him to a similar extent.<br><br>\uf076 Right of withdrawal<br>The employee has the right to withdraw his consent at any time.<br><br>\uf076 The right to go to court<br>In the event of a violation of his rights, the employee may apply to the court against the data controller. The court acts out of sequence in the case.<br><br>\uf076 Data protection official procedure<br>You can file a complaint with the National Data Protection and Freedom of Information Authority:<br>Name: National Data Protection and Freedom of Information Authority<br>Headquarters: 1125 Budapest, Szil\u00e1gyi Erzs\u00e9bet fasor 22\/C.<br><span style=\"font-size: 12px; color: var( --e-global-color-text );\">Mailing address: 1530 Budapest, Pf.: 5.<br><\/span><span style=\"font-size: 12px; color: var( --e-global-color-text );\">Phone: 0613911400 Fax: 0613911410<br><\/span><span style=\"font-size: 12px; color: var( --e-global-color-text );\">E-mail: ugyfelszolgalat@naih.hu Website: http:\/\/www.naih.hu<\/span><\/p>\n<p>3. Scope of processed personal data<br>During voluntary user data provision, you can provide the following data on a voluntary basis:<br>&quot;Name&quot; &quot;Phone number&quot; &quot;Email&quot;<\/p>\n<p>4. Duration of data management:<br>The provided data is managed by the Data Controller until the consent of the data subject is revoked.<\/p>\n<p>5. Data transfer abroad:<br>No data transfer takes place.<\/p>\n<p>6. Data processing<br>The Data Controller is entitled to use a data processor to carry out its activities. The data processors do not make independent decisions, they are only entitled to act according to the contract concluded with the Data Controller and the instructions received. The Data Controller checks the work of the data processors. Data processors are entitled to use additional data processors only with the consent of the Data Controller.<\/p>\n<p><strong>&nbsp;<\/strong><\/p>\n<p><\/p>\t\t\t\t\t\t<\/div>\n\t\t\t\t<\/div>\n\t\t\t\t\t<\/div>\n\t\t<\/div>\n\t\t\t\t\t<\/div>\n\t\t<\/section>\n\t\t\t\t\t<\/div>\n\t\t<\/div>\n\t\t\t\t\t<\/div>\n\t\t<\/section>\n\t\t\t\t<\/div>","protected":false},"excerpt":{"rendered":"<p>DATA MANAGEMENT INFORMATION Statement on the protection of personal data. Name of data controller: SBS Kft. Data controller company registration number: 10-09-022636 Data controller registered office: 3358 Erd\u0151telek F\u0151 \u00fat Kal\u00e1sz tanya 0340\/1. hrs. Data controller&#039;s e-contact: sbskft@sbskft.hu Data controller&#039;s representative: L\u00e1szl\u00f3 Balogh (executive director) 1. Data management rules The temporal validity of these data management rules is from January 1, 2018 until withdrawn. The conceptual system of this information is the same The European Parliament and [...]<\/p>","protected":false},"author":1,"featured_media":0,"parent":0,"menu_order":0,"comment_status":"closed","ping_status":"closed","template":"","meta":{"_et_pb_use_builder":"","_et_pb_old_content":"","_et_gb_content_width":"","ocean_post_layout":"","ocean_both_sidebars_style":"","ocean_both_sidebars_content_width":0,"ocean_both_sidebars_sidebars_width":0,"ocean_sidebar":"0","ocean_second_sidebar":"0","ocean_disable_margins":"enable","ocean_add_body_class":"","ocean_shortcode_before_top_bar":"","ocean_shortcode_after_top_bar":"","ocean_shortcode_before_header":"","ocean_shortcode_after_header":"","ocean_has_shortcode":"","ocean_shortcode_after_title":"","ocean_shortcode_before_footer_widgets":"","ocean_shortcode_after_footer_widgets":"","ocean_shortcode_before_footer_bottom":"","ocean_shortcode_after_footer_bottom":"","ocean_display_top_bar":"default","ocean_display_header":"default","ocean_header_style":"","ocean_center_header_left_menu":"0","ocean_custom_header_template":"0","ocean_custom_logo":0,"ocean_custom_retina_logo":0,"ocean_custom_logo_max_width":0,"ocean_custom_logo_tablet_max_width":0,"ocean_custom_logo_mobile_max_width":0,"ocean_custom_logo_max_height":0,"ocean_custom_logo_tablet_max_height":0,"ocean_custom_logo_mobile_max_height":0,"ocean_header_custom_menu":"0","ocean_menu_typo_font_family":"0","ocean_menu_typo_font_subset":"","ocean_menu_typo_font_size":0,"ocean_menu_typo_font_size_tablet":0,"ocean_menu_typo_font_size_mobile":0,"ocean_menu_typo_font_size_unit":"px","ocean_menu_typo_font_weight":"","ocean_menu_typo_font_weight_tablet":"","ocean_menu_typo_font_weight_mobile":"","ocean_menu_typo_transform":"","ocean_menu_typo_transform_tablet":"","ocean_menu_typo_transform_mobile":"","ocean_menu_typo_line_height":0,"ocean_menu_typo_line_height_tablet":0,"ocean_menu_typo_line_height_mobile":0,"ocean_menu_typo_line_height_unit":"","ocean_menu_typo_spacing":0,"ocean_menu_typo_spacing_tablet":0,"ocean_menu_typo_spacing_mobile":0,"ocean_menu_typo_spacing_unit":"","ocean_menu_link_color":"","ocean_menu_link_color_hover":"","ocean_menu_link_color_active":"","ocean_menu_link_background":"","ocean_menu_link_hover_background":"","ocean_menu_link_active_background":"","ocean_menu_social_links_bg":"","ocean_menu_social_hover_links_bg":"","ocean_menu_social_links_color":"","ocean_menu_social_hover_links_color":"","ocean_disable_title":"default","ocean_disable_heading":"default","ocean_post_title":"","ocean_post_subheading":"","ocean_post_title_style":"","ocean_post_title_background_color":"","ocean_post_title_background":0,"ocean_post_title_bg_image_position":"","ocean_post_title_bg_image_attachment":"","ocean_post_title_bg_image_repeat":"","ocean_post_title_bg_image_size":"","ocean_post_title_height":0,"ocean_post_title_bg_overlay":0.5,"ocean_post_title_bg_overlay_color":"","ocean_disable_breadcrumbs":"default","ocean_breadcrumbs_color":"","ocean_breadcrumbs_separator_color":"","ocean_breadcrumbs_links_color":"","ocean_breadcrumbs_links_hover_color":"","ocean_display_footer_widgets":"default","ocean_display_footer_bottom":"default","ocean_custom_footer_template":"0","footnotes":""},"class_list":["post-1876","page","type-page","status-publish","hentry","entry"],"rttpg_featured_image_url":null,"rttpg_author":{"display_name":"admin","author_link":"https:\/\/www.sbskft.hu\/en\/author\/admin"},"rttpg_comment":0,"rttpg_category":null,"rttpg_excerpt":"ADATKEZEL\u00c9SI T\u00c1J\u00c9KOZTAT\u00d3 Nyilatkozat a szem\u00e9lyes adatok v\u00e9delm\u00e9r\u0151l. Adatkezel\u0151 megnevez\u00e9se: SBS Kft. Adatkezel\u0151 c\u00e9gjegyz\u00e9ksz\u00e1ma: 10-09-022636 Adatkezel\u0151 sz\u00e9khelye: 3358 Erd\u0151telek F\u0151 \u00fat Kal\u00e1sz tanya 0340\/1. Hrsz. Adatkezel\u0151 e-el\u00e9rhet\u0151s\u00e9ge: sbskft@sbskft.hu Adatkezel\u0151 k\u00e9pvisel\u0151je: Balogh L\u00e1szl\u00f3 (\u00fcgyvezet\u0151) 1. Adatkezel\u00e9s szab\u00e1lyai Jelen adatkezel\u00e9si szab\u00e1lyzat id\u0151beli hat\u00e1lya 2018. janu\u00e1r 1-t\u0151l visszavon\u00e1sig tart. A jelen t\u00e1j\u00e9koztat\u00f3 fogalmi rendszere megegyezik Az Eur\u00f3pai Parlament \u00e9s&hellip;","_links":{"self":[{"href":"https:\/\/www.sbskft.hu\/en\/wp-json\/wp\/v2\/pages\/1876"}],"collection":[{"href":"https:\/\/www.sbskft.hu\/en\/wp-json\/wp\/v2\/pages"}],"about":[{"href":"https:\/\/www.sbskft.hu\/en\/wp-json\/wp\/v2\/types\/page"}],"author":[{"embeddable":true,"href":"https:\/\/www.sbskft.hu\/en\/wp-json\/wp\/v2\/users\/1"}],"replies":[{"embeddable":true,"href":"https:\/\/www.sbskft.hu\/en\/wp-json\/wp\/v2\/comments?post=1876"}],"version-history":[{"count":17,"href":"https:\/\/www.sbskft.hu\/en\/wp-json\/wp\/v2\/pages\/1876\/revisions"}],"predecessor-version":[{"id":1899,"href":"https:\/\/www.sbskft.hu\/en\/wp-json\/wp\/v2\/pages\/1876\/revisions\/1899"}],"wp:attachment":[{"href":"https:\/\/www.sbskft.hu\/en\/wp-json\/wp\/v2\/media?parent=1876"}],"curies":[{"name":"wp","href":"https:\/\/api.w.org\/{rel}","templated":true}]}}