{"id":1022,"date":"2021-11-29T06:26:52","date_gmt":"2021-11-29T06:26:52","guid":{"rendered":"https:\/\/www.sbskft.hu\/?page_id=1022"},"modified":"2023-02-17T11:47:08","modified_gmt":"2023-02-17T11:47:08","slug":"ginop-4-1-4","status":"publish","type":"page","link":"https:\/\/www.sbskft.hu\/en\/ginop-4-1-4","title":{"rendered":"GINOP-4.1.4"},"content":{"rendered":"<p>[et_pb_section fb_built=\u201d1\u2033 _builder_version=\u201d4.0.2\u2033][et_pb_row column_structure=\u201d1_2,1_2\u2033 _builder_version=\u201d4.0.2\u2033 locked=\u201doff\u201d][et_pb_column type=\u201d1_2\u2033 _builder_version=\u201d4.0.2\u2033 \u2033][et_pb_text _builder_version=\u201d4.0.2\u2033 custom_padding=\u201d|0px||||\u201d]<\/p>\n<ul>\n<li>\n<ul>\n<li><strong>Beneficiary name:<\/strong> SBS Mechanic Repair and Service Limited Liability Company<strong>Project title:<\/strong> Development of solar energy supply at SBS Kft\n<p><strong>Project ID:<\/strong> GINOP-4.1.4-19-2020-02252<\/p>\n<p>The project was implemented with the co-financing of the European Regional Development Fund.<\/p>\n<p><strong>Grant amount:<\/strong> 76,964,802 HUF.<\/p>\n<p><strong>Amount of support:<\/strong> 54,99%<\/p>\n<p><strong>Actual project completion date:<\/strong> 2022.08.31<\/p>\n<p><strong>Project content:<\/strong><\/p>\n<p>As part of the project, a small solar power plant with a capacity of 499.95 kW will be built. The investment includes the following task elements: technical preparation, preparation of a static expert opinion, and the installation of the solar panel system - the elements of which are: - solar panel modules - support structure - inverter and related accessories - electrical installation materials, cabling - as part of construction services - design of lightning protection, installation and commissioning , grounding probe installation, touch protection, network connection administration, preparation of construction and connection plan documentation. The end of the investment is the network connection and commissioning of the small power plant. The planned date for this is 31.08.2022.<\/p>\n<\/li>\n<\/ul>\n<ul><\/ul>\n<\/li>\n<\/ul>\n<ul><\/ul>\n<p>&nbsp;<\/p>\n<p>[\/et_pb_text][et_pb_button button_url=\u201dhttps:\/\/www.sbskft.hu\/wp-content\/uploads\/2022\/09\/SBS-sajtokozlemeny-projektzarasrol-GINOP-4.1.4-2022-08-31-002.pdf \u201d button_text=\u201dFinal announcement\u201d _builder_version=\u201d4.0.2\u2033][\/et_pb_button][\/et_pb_column][et_pb_column type=\u201d1_2\u2033 _builder_version=\u201d4.0.2\u2033][et_pb_image src=\u201dhttps:\/\/www.sbskft. hu\/wp-content\/uploads\/2020\/09\/szechenyi-2020.jpg\u201d _builder_version=\u201d4.0.2\u2033][\/et_pb_image][\/et_pb_column][\/et_pb_row][\/et_pb_section]<\/p>","protected":false},"excerpt":{"rendered":"<p>Beneficiary name: SBS Szerel\u0151 Jav\u00edt\u00f3 \u00e9s Szolg\u00e1ltat\u00f3 L\u00e1t\u00f3lt Obl\u00e9sz\u00e9g T\u00e1rsas\u00e1g Project title: Development of solar energy supply at SBS Kft. Project ID: GINOP-4.1.4-19-2020-02252 The project was implemented with the co-financing of the European Regional Development Fund. Subsidy amount: HUF 76,964,802 Subsidy amount: 54,99% Date of actual completion of the project: 2022.08.31 Project content: Within the framework of the project, a small solar power plant with an output of 499.95 kW will be built....<\/p>","protected":false},"author":1,"featured_media":0,"parent":0,"menu_order":0,"comment_status":"closed","ping_status":"closed","template":"","meta":{"_et_pb_use_builder":"on","_et_pb_old_content":"","_et_gb_content_width":"","ocean_post_layout":"","ocean_both_sidebars_style":"","ocean_both_sidebars_content_width":0,"ocean_both_sidebars_sidebars_width":0,"ocean_sidebar":"","ocean_second_sidebar":"","ocean_disable_margins":"enable","ocean_add_body_class":"","ocean_shortcode_before_top_bar":"","ocean_shortcode_after_top_bar":"","ocean_shortcode_before_header":"","ocean_shortcode_after_header":"","ocean_has_shortcode":"","ocean_shortcode_after_title":"","ocean_shortcode_before_footer_widgets":"","ocean_shortcode_after_footer_widgets":"","ocean_shortcode_before_footer_bottom":"","ocean_shortcode_after_footer_bottom":"","ocean_display_top_bar":"default","ocean_display_header":"default","ocean_header_style":"","ocean_center_header_left_menu":"","ocean_custom_header_template":"","ocean_custom_logo":0,"ocean_custom_retina_logo":0,"ocean_custom_logo_max_width":0,"ocean_custom_logo_tablet_max_width":0,"ocean_custom_logo_mobile_max_width":0,"ocean_custom_logo_max_height":0,"ocean_custom_logo_tablet_max_height":0,"ocean_custom_logo_mobile_max_height":0,"ocean_header_custom_menu":"","ocean_menu_typo_font_family":"","ocean_menu_typo_font_subset":"","ocean_menu_typo_font_size":0,"ocean_menu_typo_font_size_tablet":0,"ocean_menu_typo_font_size_mobile":0,"ocean_menu_typo_font_size_unit":"px","ocean_menu_typo_font_weight":"","ocean_menu_typo_font_weight_tablet":"","ocean_menu_typo_font_weight_mobile":"","ocean_menu_typo_transform":"","ocean_menu_typo_transform_tablet":"","ocean_menu_typo_transform_mobile":"","ocean_menu_typo_line_height":0,"ocean_menu_typo_line_height_tablet":0,"ocean_menu_typo_line_height_mobile":0,"ocean_menu_typo_line_height_unit":"","ocean_menu_typo_spacing":0,"ocean_menu_typo_spacing_tablet":0,"ocean_menu_typo_spacing_mobile":0,"ocean_menu_typo_spacing_unit":"","ocean_menu_link_color":"","ocean_menu_link_color_hover":"","ocean_menu_link_color_active":"","ocean_menu_link_background":"","ocean_menu_link_hover_background":"","ocean_menu_link_active_background":"","ocean_menu_social_links_bg":"","ocean_menu_social_hover_links_bg":"","ocean_menu_social_links_color":"","ocean_menu_social_hover_links_color":"","ocean_disable_title":"default","ocean_disable_heading":"default","ocean_post_title":"","ocean_post_subheading":"","ocean_post_title_style":"","ocean_post_title_background_color":"","ocean_post_title_background":0,"ocean_post_title_bg_image_position":"","ocean_post_title_bg_image_attachment":"","ocean_post_title_bg_image_repeat":"","ocean_post_title_bg_image_size":"","ocean_post_title_height":0,"ocean_post_title_bg_overlay":0.5,"ocean_post_title_bg_overlay_color":"","ocean_disable_breadcrumbs":"default","ocean_breadcrumbs_color":"","ocean_breadcrumbs_separator_color":"","ocean_breadcrumbs_links_color":"","ocean_breadcrumbs_links_hover_color":"","ocean_display_footer_widgets":"default","ocean_display_footer_bottom":"default","ocean_custom_footer_template":"","footnotes":""},"class_list":["post-1022","page","type-page","status-publish","hentry","entry"],"rttpg_featured_image_url":null,"rttpg_author":{"display_name":"admin","author_link":"https:\/\/www.sbskft.hu\/en\/author\/admin"},"rttpg_comment":0,"rttpg_category":null,"rttpg_excerpt":"Kedvezm\u00e9nyezett neve: SBS Szerel\u0151 Jav\u00edt\u00f3 \u00e9s Szolg\u00e1ltat\u00f3 Korl\u00e1tolt Felel\u0151ss\u00e9g\u0171 T\u00e1rsas\u00e1gProjekt c\u00edme: Napelemes energiaell\u00e1t\u00e1s fejleszt\u00e9se az SBS Kft.-n\u00e9l Projektazonos\u00edt\u00f3: GINOP-4.1.4-19-2020-02252 A projekt az Eur\u00f3pai Region\u00e1lis Fejleszt\u00e9si Alap t\u00e1rsfinansz\u00edroz\u00e1s\u00e1val val\u00f3sult meg. T\u00e1mogat\u00e1s \u00f6sszege: 76\u00a0964\u00a0802 Ft. T\u00e1mogat\u00e1s m\u00e9rt\u00e9ke: 54,99% Projekt t\u00e9nyleges befejez\u00e9s\u00e9nek d\u00e1tuma: 2022.08.31 Projekt tartalma: A projekt keret\u00e9ben egy 499,95 kW teljes\u00edtm\u00e9ny\u0171 napelemes kiser\u0151m\u0171 ker\u00fcl kialak\u00edt\u00e1sra....","_links":{"self":[{"href":"https:\/\/www.sbskft.hu\/en\/wp-json\/wp\/v2\/pages\/1022"}],"collection":[{"href":"https:\/\/www.sbskft.hu\/en\/wp-json\/wp\/v2\/pages"}],"about":[{"href":"https:\/\/www.sbskft.hu\/en\/wp-json\/wp\/v2\/types\/page"}],"author":[{"embeddable":true,"href":"https:\/\/www.sbskft.hu\/en\/wp-json\/wp\/v2\/users\/1"}],"replies":[{"embeddable":true,"href":"https:\/\/www.sbskft.hu\/en\/wp-json\/wp\/v2\/comments?post=1022"}],"version-history":[{"count":9,"href":"https:\/\/www.sbskft.hu\/en\/wp-json\/wp\/v2\/pages\/1022\/revisions"}],"predecessor-version":[{"id":1071,"href":"https:\/\/www.sbskft.hu\/en\/wp-json\/wp\/v2\/pages\/1022\/revisions\/1071"}],"wp:attachment":[{"href":"https:\/\/www.sbskft.hu\/en\/wp-json\/wp\/v2\/media?parent=1022"}],"curies":[{"name":"wp","href":"https:\/\/api.w.org\/{rel}","templated":true}]}}