{"id":885,"date":"2020-11-17T14:25:13","date_gmt":"2020-11-17T14:25:13","guid":{"rendered":"https:\/\/www.sbskft.hu\/?page_id=885"},"modified":"2023-12-01T13:06:11","modified_gmt":"2023-12-01T13:06:11","slug":"ginop-3-2-6-8-2-4-17-2017-00001","status":"publish","type":"page","link":"https:\/\/www.sbskft.hu\/de\/ginop-3-2-6-8-2-4-17-2017-00001","title":{"rendered":"GINOP-3.2.6-8-2-4-17"},"content":{"rendered":"<p>[et_pb_section fb_built=\u201c1\u2033 _builder_version=\u201c4.0.2\u201c][et_pb_row columns_structure=\u201c1_2,1_2\u2033 _builder_version=\u201c4.0.2\u201c lock=\u201coff\u201c][et_pb_column type=\u201c1_2\u2033 _builder_version=\u201c4.0.2 \u2033 \u2033][et_pb_text _builder_version=\u201c4.0.2\u2033 custom_padding=\u201c|0px||||\u201c]<\/p>\n<ul>\n<li>Name des Beg\u00fcnstigten:&nbsp;<strong>SBS Kft.<\/strong><\/li>\n<li>Projekttitel:&nbsp; <strong>Es handelt sich um die fortgeschrittene Digitalisierung der Aktivit\u00e4ten wettbewerbsf\u00e4higer Unternehmen<\/strong><strong>&nbsp;bei SBS Kft<\/strong><\/li>\n<\/ul>\n<ul>\n<li>F\u00f6rderbetrag:&nbsp;<strong>HUF 79.882.512,-<\/strong><\/li>\n<li>H\u00f6he der Unterst\u00fctzung:&nbsp;<strong>35,00 %<\/strong><\/li>\n<\/ul>\n<p>&nbsp;<\/p>\n<p><strong><u>Kurzdarstellung der Projektinhalte:<\/u><\/strong><\/p>\n<p>Im Rahmen des Projekts werden die bestehenden Produktionssysteme im Produktionswerk der SBS KFT weiterentwickelt und um IoT-\u201eInternet of Things\u201c-Sensorik- und Informationstechnologiel\u00f6sungen unterst\u00fctzt durch das GINOP-3.2.6-8.2.4- erg\u00e4nzt. 17 Ausschreibungsentwurf. SBS Kft. verf\u00fcgt \u00fcber mehrere CNC-Schneidemaschinen, manuelle Schwei\u00dfmaschinen mit abschmelzender Elektrode und MIG\/MAG-Technologie sowie Computerhardware und Softwaretools zur Unterst\u00fctzung der Produktion, die bisher getrennt voneinander betrieben wurden. Im Rahmen des Projekts realisieren wir Hard- und Softwareentwicklungen, die durch die Vernetzung der Produktionseinheiten deren interaktiven und damit effizienteren Betrieb erm\u00f6glichen. Ein komplexes Entwicklungsprogramm, das alle Elemente des Produktionsprozesses umfasst und eine ad\u00e4quate langfristige Antwort auf Fragen zur Effizienzsteigerung bietet. Dementsprechend wird erwartet, dass die Leistung von Schwei\u00df- und Schneidarbeitern gemessen und der Fortschritt der Produkte (Ausleger und Maschinenchassis) im Produktionsprozess \u00fcberwacht wird. SBS Kft. erwirbt solche auf dem Markt erh\u00e4ltlichen Hardwareger\u00e4te, die in den vorhandenen Produktionsanlagen (CNC-Maschinen, Handschwei\u00dfmaschinen, Arbeiter) installiert und positioniert werden k\u00f6nnen, um deren Status und Position abzufragen. Durch die Organisation der Sender in einem Netzwerk k\u00f6nnen aufgrund der auf dem zentralen Computersystem durchzuf\u00fchrenden Hard- und Softwareentwicklung statistische Analysen und Effizienztests durch Verarbeitung und grafische Darstellung der Daten durchgef\u00fchrt werden. Basierend auf den Informationen ist es m\u00f6glich, dem Management die M\u00f6glichkeit zu geben, rechtzeitig einzugreifen, um die Auftr\u00e4ge termingerecht zu erf\u00fcllen. Die erwartete Effizienzsteigerung dient neben der Effektivit\u00e4t auch dazu, durch die Kundenzufriedenheit ein weiteres Wachstum des Auftragsbestands zu generieren. Durch die Verbesserung der Effizienz der Stahlkonstruktionsproduktion wird der Auftragsbestand in den n\u00e4chsten 2-3 Jahren um 30-40% steigen, und eine minimale Erh\u00f6hung der Personalressourcen wird ausreichen, um diesen Bedarf zu decken.<\/p>\n<p>&nbsp;<\/p>\n<ul>\n<li>Projektstartdatum: <strong>2019.07.01<\/strong><\/li>\n<li><strong>Geplanter Fertigstellungstermin des Projekts:<\/strong> 2021.05.17.<\/li>\n<li>Projektidentifikationsnummer:&nbsp;<strong>GINOP-3.2.6-8-2-4-17-2017-00001<\/strong><\/li>\n<\/ul>\n<p>&nbsp;<\/p>\n<p>[\/et_pb_text][\/et_pb_column][et_pb_column type=\u201c1_2\u2033 _builder_version=\u201c4.0.2\u201c][et_pb_image src=\u201chttps:\/\/www.sbskft.hu\/wp-content\/uploads\/2020\/09\/szechenyi- 2020.jpg\u201c _builder_version=\u201c4.0.2\u2033][\/et_pb_image][et_pb_image src=\u201chttps:\/\/www.sbskft.hu\/wp-content\/uploads\/2020\/11\/ginop-3-2-6-8 .png\u201c _builder_version=\u201c4.0.2\u201c][\/et_pb_image][\/et_pb_column][\/et_pb_row][\/et_pb_section]<\/p>","protected":false},"excerpt":{"rendered":"<p>Name des Beg\u00fcnstigten: SBS Kft. Projekttitel: Umfangreiche Digitalisierung der Aktivit\u00e4ten wettbewerbsf\u00e4higer Unternehmen bei SBS Kft. H\u00f6he der Unterst\u00fctzung: Weiterentwicklung und Erg\u00e4nzung von Produktionssystemen mit IoT-\u201eInternet der Dinge\u201c-Sensortechnologie und Informationstechnologiel\u00f6sungen unterst\u00fctzt durch das Ausschreibungsdesign GINOP-3.2.6-8.2.4-17. Der\u2026<\/p>","protected":false},"author":1,"featured_media":0,"parent":0,"menu_order":0,"comment_status":"closed","ping_status":"closed","template":"","meta":{"_et_pb_use_builder":"on","_et_pb_old_content":"","_et_gb_content_width":"","ocean_post_layout":"","ocean_both_sidebars_style":"","ocean_both_sidebars_content_width":0,"ocean_both_sidebars_sidebars_width":0,"ocean_sidebar":"0","ocean_second_sidebar":"0","ocean_disable_margins":"enable","ocean_add_body_class":"","ocean_shortcode_before_top_bar":"","ocean_shortcode_after_top_bar":"","ocean_shortcode_before_header":"","ocean_shortcode_after_header":"","ocean_has_shortcode":"","ocean_shortcode_after_title":"","ocean_shortcode_before_footer_widgets":"","ocean_shortcode_after_footer_widgets":"","ocean_shortcode_before_footer_bottom":"","ocean_shortcode_after_footer_bottom":"","ocean_display_top_bar":"default","ocean_display_header":"default","ocean_header_style":"","ocean_center_header_left_menu":"0","ocean_custom_header_template":"0","ocean_custom_logo":0,"ocean_custom_retina_logo":0,"ocean_custom_logo_max_width":0,"ocean_custom_logo_tablet_max_width":0,"ocean_custom_logo_mobile_max_width":0,"ocean_custom_logo_max_height":0,"ocean_custom_logo_tablet_max_height":0,"ocean_custom_logo_mobile_max_height":0,"ocean_header_custom_menu":"0","ocean_menu_typo_font_family":"0","ocean_menu_typo_font_subset":"","ocean_menu_typo_font_size":0,"ocean_menu_typo_font_size_tablet":0,"ocean_menu_typo_font_size_mobile":0,"ocean_menu_typo_font_size_unit":"px","ocean_menu_typo_font_weight":"","ocean_menu_typo_font_weight_tablet":"","ocean_menu_typo_font_weight_mobile":"","ocean_menu_typo_transform":"","ocean_menu_typo_transform_tablet":"","ocean_menu_typo_transform_mobile":"","ocean_menu_typo_line_height":0,"ocean_menu_typo_line_height_tablet":0,"ocean_menu_typo_line_height_mobile":0,"ocean_menu_typo_line_height_unit":"","ocean_menu_typo_spacing":0,"ocean_menu_typo_spacing_tablet":0,"ocean_menu_typo_spacing_mobile":0,"ocean_menu_typo_spacing_unit":"","ocean_menu_link_color":"","ocean_menu_link_color_hover":"","ocean_menu_link_color_active":"","ocean_menu_link_background":"","ocean_menu_link_hover_background":"","ocean_menu_link_active_background":"","ocean_menu_social_links_bg":"","ocean_menu_social_hover_links_bg":"","ocean_menu_social_links_color":"","ocean_menu_social_hover_links_color":"","ocean_disable_title":"default","ocean_disable_heading":"default","ocean_post_title":"","ocean_post_subheading":"","ocean_post_title_style":"","ocean_post_title_background_color":"","ocean_post_title_background":0,"ocean_post_title_bg_image_position":"","ocean_post_title_bg_image_attachment":"","ocean_post_title_bg_image_repeat":"","ocean_post_title_bg_image_size":"","ocean_post_title_height":0,"ocean_post_title_bg_overlay":0.5,"ocean_post_title_bg_overlay_color":"","ocean_disable_breadcrumbs":"default","ocean_breadcrumbs_color":"","ocean_breadcrumbs_separator_color":"","ocean_breadcrumbs_links_color":"","ocean_breadcrumbs_links_hover_color":"","ocean_display_footer_widgets":"default","ocean_display_footer_bottom":"default","ocean_custom_footer_template":"0","footnotes":""},"class_list":["post-885","page","type-page","status-publish","hentry","entry"],"rttpg_featured_image_url":null,"rttpg_author":{"display_name":"admin","author_link":"https:\/\/www.sbskft.hu\/de\/author\/admin"},"rttpg_comment":0,"rttpg_category":null,"rttpg_excerpt":"Kedvezm\u00e9nyezett neve:&nbsp;SBS Kft. Projekt c\u00edme:&nbsp; Versenyk\u00e9pes v\u00e1llatok tev\u00e9kenys\u00e9g\u00e9nek emeltszint\u0171 digitaliz\u00e1l\u00e1sa az&nbsp;SBS Kft-n\u00e9l T\u00e1mogat\u00e1s \u00f6sszege:&nbsp;79&nbsp;882&nbsp;512.- Ft T\u00e1mogat\u00e1s m\u00e9rt\u00e9ke:&nbsp;35,00 % &nbsp; Projekt tartalm\u00e1nak r\u00f6vid bemutat\u00e1sa: A projekt keret\u00e9ben megval\u00f3sul az SBS KFT gy\u00e1rt\u00f3 \u00fczem\u00e9ben megl\u00e9v\u0151 termel\u00e9si rendszerek tov\u00e1bb fejleszt\u00e9se, kieg\u00e9sz\u00edt\u00e9se a GINOP-3.2.6-8.2.4-17 k\u00f3djel\u0171 p\u00e1ly\u00e1zati konstrukci\u00f3 \u00e1ltal t\u00e1mogatott IoT \u201eInternet of Things\u201d szenzortechnol\u00f3giai, inform\u00e1ci\u00f3 technol\u00f3giai megold\u00e1sokkal. Az...","_links":{"self":[{"href":"https:\/\/www.sbskft.hu\/de\/wp-json\/wp\/v2\/pages\/885"}],"collection":[{"href":"https:\/\/www.sbskft.hu\/de\/wp-json\/wp\/v2\/pages"}],"about":[{"href":"https:\/\/www.sbskft.hu\/de\/wp-json\/wp\/v2\/types\/page"}],"author":[{"embeddable":true,"href":"https:\/\/www.sbskft.hu\/de\/wp-json\/wp\/v2\/users\/1"}],"replies":[{"embeddable":true,"href":"https:\/\/www.sbskft.hu\/de\/wp-json\/wp\/v2\/comments?post=885"}],"version-history":[{"count":8,"href":"https:\/\/www.sbskft.hu\/de\/wp-json\/wp\/v2\/pages\/885\/revisions"}],"predecessor-version":[{"id":2060,"href":"https:\/\/www.sbskft.hu\/de\/wp-json\/wp\/v2\/pages\/885\/revisions\/2060"}],"wp:attachment":[{"href":"https:\/\/www.sbskft.hu\/de\/wp-json\/wp\/v2\/media?parent=885"}],"curies":[{"name":"wp","href":"https:\/\/api.w.org\/{rel}","templated":true}]}}