{"id":836,"date":"2020-10-30T12:19:08","date_gmt":"2020-10-30T12:19:08","guid":{"rendered":"https:\/\/www.sbskft.hu\/?page_id=836"},"modified":"2023-09-27T09:12:44","modified_gmt":"2023-09-27T09:12:44","slug":"ginop-8-3-5-18-b","status":"publish","type":"page","link":"https:\/\/www.sbskft.hu\/de\/ginop-8-3-5-18-b","title":{"rendered":"GINOP-8.3.5-18 B"},"content":{"rendered":"<div data-elementor-type=\"wp-page\" data-elementor-id=\"836\" class=\"elementor elementor-836\" data-elementor-post-type=\"page\">\n\t\t\t\t\t\t<section class=\"elementor-section elementor-top-section elementor-element elementor-element-fe3b0ad elementor-section-boxed elementor-section-height-default elementor-section-height-default\" data-id=\"fe3b0ad\" data-element_type=\"section\">\n\t\t\t\t\t\t<div class=\"elementor-container elementor-column-gap-default\">\n\t\t\t\t\t<div class=\"elementor-column elementor-col-100 elementor-top-column elementor-element elementor-element-ffd9db5\" data-id=\"ffd9db5\" data-element_type=\"column\">\n\t\t\t<div class=\"elementor-widget-wrap elementor-element-populated\">\n\t\t\t\t\t\t<div class=\"elementor-element elementor-element-6d18f0f elementor-widget elementor-widget-image\" data-id=\"6d18f0f\" data-element_type=\"widget\" data-widget_type=\"image.default\">\n\t\t\t\t<div class=\"elementor-widget-container\">\n\t\t\t<style>\/*! elementor - v3.23.0 - 15-07-2024 *\/\n.elementor-widget-image{text-align:center}.elementor-widget-image a{display:inline-block}.elementor-widget-image a img[src$=\".svg\"]{width:48px}.elementor-widget-image img{vertical-align:middle;display:inline-block}<\/style>\t\t\t\t\t\t\t\t\t\t<img fetchpriority=\"high\" decoding=\"async\" width=\"1024\" height=\"683\" src=\"https:\/\/www.sbskft.hu\/wp-content\/uploads\/2020\/10\/ginop_8_3_5_18_b_h-1024x683.jpg\" class=\"attachment-large size-large wp-image-843\" alt=\"\" srcset=\"https:\/\/www.sbskft.hu\/wp-content\/uploads\/2020\/10\/ginop_8_3_5_18_b_h-980x654.jpg 980w, https:\/\/www.sbskft.hu\/wp-content\/uploads\/2020\/10\/ginop_8_3_5_18_b_h-480x320.jpg 480w\" sizes=\"(min-width: 0px) and (max-width: 480px) 480px, (min-width: 481px) and (max-width: 980px) 980px, (min-width: 981px) 1024px, 100vw\" \/>\t\t\t\t\t\t\t\t\t\t\t\t\t<\/div>\n\t\t\t\t<\/div>\n\t\t\t\t<div class=\"elementor-element elementor-element-96f8872 elementor-widget elementor-widget-text-editor\" data-id=\"96f8872\" data-element_type=\"widget\" data-widget_type=\"text-editor.default\">\n\t\t\t\t<div class=\"elementor-widget-container\">\n\t\t\t<style>\/*! elementor - v3.23.0 - 15-07-2024 *\/\n.elementor-widget-text-editor.elementor-drop-cap-view-stacked .elementor-drop-cap{background-color:#69727d;color:#fff}.elementor-widget-text-editor.elementor-drop-cap-view-framed .elementor-drop-cap{color:#69727d;border:3px solid;background-color:transparent}.elementor-widget-text-editor:not(.elementor-drop-cap-view-default) .elementor-drop-cap{margin-top:8px}.elementor-widget-text-editor:not(.elementor-drop-cap-view-default) .elementor-drop-cap-letter{width:1em;height:1em}.elementor-widget-text-editor .elementor-drop-cap{float:left;text-align:center;line-height:1;font-size:50px}.elementor-widget-text-editor .elementor-drop-cap-letter{display:inline-block}<\/style>\t\t\t\t<p><br><\/p>\n<ul>\n<li>\n<p>Name des Beg\u00fcnstigten:&nbsp;<span style=\"font-family: Roboto, sans-serif; font-size: 14px; font-style: normal; font-variant-ligatures: normal; font-variant-caps: normal; font-weight: bold; color: var( --e-global-color-text );\">SBS Mechanic, Repair and Service Provider Limited Liability Company<\/span><\/p>\n<\/li>\n<li>\n<p>Projekttitel: <strong>Kleinst-, Klein- und Mittelunternehmen mit der Identifikationsnummer GINOP-8.3.5-18\/B&nbsp;<\/strong><strong>technologische Modernisierung<\/strong><\/p>\n<\/li>\n<li>\n<p><span style=\"font-variant-ligatures: normal; font-variant-caps: normal; font-family: Roboto, sans-serif; font-size: 14px; font-style: normal; font-weight: bold;\"><span style=\"font-family: Roboto, sans-serif; font-size: 14px; font-style: normal; font-variant-ligatures: normal; font-variant-caps: normal; font-weight: 400;\">Art der vertraglich vereinbarten Unterst\u00fctzung:&nbsp;<\/span>R\u00fcckzahlbares Darlehen<\/span><\/p>\n<\/li>\n<li>\n<p>Kreditbetrag: <strong>149.000.000 HUF<br><\/strong><\/p>\n<\/li>\n<li>\n<p><strong><span style=\"font-family: Roboto, sans-serif; font-size: 14px; font-style: normal; font-variant-ligatures: normal; font-variant-caps: normal; font-weight: 400;\">H\u00f6he des Zinszuschusses:&nbsp;<\/span><span style=\"font-variant-ligatures: normal; font-variant-caps: normal; font-family: Roboto, sans-serif; font-size: 14px; font-style: normal; font-weight: 600;\">15.679.597 HUF<\/span><br><\/strong><\/p>\n<\/li>\n<li>\n<p><strong><span style=\"font-family: Roboto, sans-serif; font-size: 14px; font-style: normal; font-variant-ligatures: normal; font-variant-caps: normal; font-weight: 400;\">Kreditlaufzeit<\/span><span style=\"font-size: 14px; color: var( --e-global-color-text );\">:<\/span><span style=\"font-size: 14px; color: var( --e-global-color-text );\">&nbsp;<\/span><span style=\"font-family: Roboto, sans-serif; font-size: 14px; font-style: normal; font-variant-ligatures: normal; font-variant-caps: normal; color: var( --e-global-color-text ); font-weight: 600;\">60 Monate<\/span><br><\/strong><\/p>\n<\/li>\n<li>\n<p><span style=\"font-variant-ligatures: normal; font-variant-caps: normal; font-family: Roboto, sans-serif; font-size: 14px; font-style: normal; font-weight: 600;\"><span style=\"font-variant-ligatures: normal; font-variant-caps: normal; font-family: Roboto, sans-serif; font-size: 14px; font-style: normal; font-weight: 400;\">Vertragsnummer<\/span><span style=\"font-size: 14px; color: var( --e-global-color-text );\">:<\/span><span style=\"font-size: 14px; color: var( --e-global-color-text );\">&nbsp;<\/span><\/span><span style=\"font-family: Roboto, sans-serif; font-size: 14px; font-style: normal; font-variant-ligatures: normal; font-variant-caps: normal; font-weight: 700; color: var( --e-global-color-text );\">H-EKTG2\/078045\/2020\/301804\/001<\/span><\/p>\n<\/li>\n<li>\n<p style=\"font-variant-ligatures: normal; font-variant-caps: normal; font-family: Roboto, sans-serif; font-size: 14px; font-style: normal; font-weight: 400;\"><span style=\"font-size: 14px; font-weight: 600;\"><u style=\"font-size: 14px;\">Projektbeschreibung:<\/u><\/span><\/p>\n<p style=\"font-variant-ligatures: normal; font-variant-caps: normal; font-family: Roboto, sans-serif; font-size: 14px; font-style: normal; font-weight: 400;\">&nbsp;Aufgrund der jahrzehntelangen engen Zusammenarbeit mit marktf\u00fchrenden Herstellern und der Mengensteigerung wurde es notwendig, unsere Lagerbest\u00e4nde zu erh\u00f6hen, was unsere Wettbewerbsf\u00e4higkeit steigert. Aufgrund der f\u00fcr die globalen Wirtschaftsprozesse der vergangenen Zeit typischen Versorgungsprobleme ist insbesondere der Wert unserer eigenen Lagerbest\u00e4nde gestiegen, mit deren Hilfe wir die Liefergeschwindigkeit und -qualit\u00e4t und damit die Kundenzufriedenheit und unsere Wettbewerbsf\u00e4higkeit weiter steigern k\u00f6nnen.<br><br><\/p>\n<p style=\"font-variant-ligatures: normal; font-variant-caps: normal; font-family: Roboto, sans-serif; font-size: 14px; font-style: normal; font-weight: 400;\">&nbsp;<span style=\"font-size: 14px; font-weight: 600;\"><u style=\"font-size: 14px;\">Das Ergebnis des Projekts:<\/u><\/span><\/p>\n<p style=\"font-variant-ligatures: normal; font-variant-caps: normal; font-family: Roboto, sans-serif; font-size: 14px; font-style: normal; font-weight: 400;\">&nbsp;Die Hauptt\u00e4tigkeit der SBS Kft. ist die Herstellung von geschwei\u00dften Stahlkonstruktionsteilen f\u00fcr Bau- und Erdbewegungsmaschinen. Um den unterbrechungsfreien Betrieb des Unternehmens als mittelst\u00e4ndisches Produktionsunternehmen sicherzustellen, beantragte es im Rahmen des Darlehensprogramms ein Darlehen in H\u00f6he von 149.000.000 HUF zur Finanzierung des Erwerbs von Lagerbest\u00e4nden. Von diesem Betrag gelang es ihm, 1.000 Tonnen Stahlbleche zu kaufen.<\/p>\n<p style=\"font-variant-ligatures: normal; font-variant-caps: normal; font-family: Roboto, sans-serif; font-size: 14px; font-style: normal; font-weight: 400;\">&nbsp;Projektstartdatum: 28. September 2020.<\/p>\n<p style=\"font-variant-ligatures: normal; font-variant-caps: normal; font-family: Roboto, sans-serif; font-size: 14px; font-style: normal; font-weight: 400;\">Datum der technischen Fertigstellung des Projekts: 26. April 2021.<\/p>\n<p style=\"font-variant-ligatures: normal; font-variant-caps: normal; font-family: Roboto, sans-serif; font-size: 14px; font-style: normal; font-weight: 400;\">Finanzielles Enddatum des Projekts: 9. August 2021.<\/p>\n<\/li>\n<\/ul>\n<div>\n<div><br><\/div><\/div>\t\t\t\t\t\t<\/div>\n\t\t\t\t<\/div>\n\t\t\t\t\t<\/div>\n\t\t<\/div>\n\t\t\t\t\t<\/div>\n\t\t<\/section>\n\t\t\t\t<\/div>","protected":false},"excerpt":{"rendered":"<p>Name des Beg\u00fcnstigten: SBS Mechanics, Repairs and Service Limited Liability Company Projekttitel: Technologische Modernisierung von Kleinst-, Klein- und Mittelunternehmen mit der Identifikationsnummer GINOP-8.3.5-18\/B Art der vertraglich vereinbarten Unterst\u00fctzung: R\u00fcckzahlbares Darlehen Darlehensbetrag: 149.000.000 HUF H\u00f6he des Zinszuschusses: HUF 15.679.597 Kreditlaufzeit: 60 Monate Vertragsnummer: H-EKTG2\/078045\/2020\/301804\/001 Projektbeschreibung: Aufgrund jahrzehntelanger enger Zusammenarbeit mit marktf\u00fchrenden Herstellern und Volumenwachstum wurde es notwendig, unsere Lagerbest\u00e4nde zu erh\u00f6hen , was die ... erh\u00f6ht.<\/p>","protected":false},"author":1,"featured_media":0,"parent":0,"menu_order":0,"comment_status":"closed","ping_status":"closed","template":"","meta":{"_et_pb_use_builder":"on","_et_pb_old_content":"","_et_gb_content_width":"","ocean_post_layout":"","ocean_both_sidebars_style":"","ocean_both_sidebars_content_width":0,"ocean_both_sidebars_sidebars_width":0,"ocean_sidebar":"","ocean_second_sidebar":"","ocean_disable_margins":"enable","ocean_add_body_class":"","ocean_shortcode_before_top_bar":"","ocean_shortcode_after_top_bar":"","ocean_shortcode_before_header":"","ocean_shortcode_after_header":"","ocean_has_shortcode":"","ocean_shortcode_after_title":"","ocean_shortcode_before_footer_widgets":"","ocean_shortcode_after_footer_widgets":"","ocean_shortcode_before_footer_bottom":"","ocean_shortcode_after_footer_bottom":"","ocean_display_top_bar":"default","ocean_display_header":"default","ocean_header_style":"","ocean_center_header_left_menu":"","ocean_custom_header_template":"","ocean_custom_logo":0,"ocean_custom_retina_logo":0,"ocean_custom_logo_max_width":0,"ocean_custom_logo_tablet_max_width":0,"ocean_custom_logo_mobile_max_width":0,"ocean_custom_logo_max_height":0,"ocean_custom_logo_tablet_max_height":0,"ocean_custom_logo_mobile_max_height":0,"ocean_header_custom_menu":"","ocean_menu_typo_font_family":"","ocean_menu_typo_font_subset":"","ocean_menu_typo_font_size":0,"ocean_menu_typo_font_size_tablet":0,"ocean_menu_typo_font_size_mobile":0,"ocean_menu_typo_font_size_unit":"px","ocean_menu_typo_font_weight":"","ocean_menu_typo_font_weight_tablet":"","ocean_menu_typo_font_weight_mobile":"","ocean_menu_typo_transform":"","ocean_menu_typo_transform_tablet":"","ocean_menu_typo_transform_mobile":"","ocean_menu_typo_line_height":0,"ocean_menu_typo_line_height_tablet":0,"ocean_menu_typo_line_height_mobile":0,"ocean_menu_typo_line_height_unit":"","ocean_menu_typo_spacing":0,"ocean_menu_typo_spacing_tablet":0,"ocean_menu_typo_spacing_mobile":0,"ocean_menu_typo_spacing_unit":"","ocean_menu_link_color":"","ocean_menu_link_color_hover":"","ocean_menu_link_color_active":"","ocean_menu_link_background":"","ocean_menu_link_hover_background":"","ocean_menu_link_active_background":"","ocean_menu_social_links_bg":"","ocean_menu_social_hover_links_bg":"","ocean_menu_social_links_color":"","ocean_menu_social_hover_links_color":"","ocean_disable_title":"default","ocean_disable_heading":"default","ocean_post_title":"","ocean_post_subheading":"","ocean_post_title_style":"","ocean_post_title_background_color":"","ocean_post_title_background":0,"ocean_post_title_bg_image_position":"","ocean_post_title_bg_image_attachment":"","ocean_post_title_bg_image_repeat":"","ocean_post_title_bg_image_size":"","ocean_post_title_height":0,"ocean_post_title_bg_overlay":0.5,"ocean_post_title_bg_overlay_color":"","ocean_disable_breadcrumbs":"default","ocean_breadcrumbs_color":"","ocean_breadcrumbs_separator_color":"","ocean_breadcrumbs_links_color":"","ocean_breadcrumbs_links_hover_color":"","ocean_display_footer_widgets":"default","ocean_display_footer_bottom":"default","ocean_custom_footer_template":"","footnotes":""},"class_list":["post-836","page","type-page","status-publish","hentry","entry"],"rttpg_featured_image_url":null,"rttpg_author":{"display_name":"admin","author_link":"https:\/\/www.sbskft.hu\/de\/author\/admin"},"rttpg_comment":0,"rttpg_category":null,"rttpg_excerpt":"Kedvezm\u00e9nyezett neve:&nbsp;SBS Szerel\u0151, Jav\u00edt\u00f3 \u00e9s Szolg\u00e1ltat\u00f3 Korl\u00e1tolt Felel\u0151ss\u00e9g\u0171 T\u00e1rsas\u00e1g Projekt c\u00edme: GINOP-8.3.5-18\/B azonos\u00edt\u00f3 jel\u0171 Mikro-, kis \u00e9s k\u00f6z\u00e9pv\u00e1llalkoz\u00e1sok&nbsp;technol\u00f3giai korszer\u0171s\u00edt\u00e9se Szerz\u0151d\u00f6tt t\u00e1mogat\u00e1s jellege:&nbsp;Visszat\u00e9r\u00edtend\u0151 Hitel Hitel \u00f6sszege: 149.000.000,- Ft Kamatt\u00e1mogat\u00e1s \u00f6sszege:&nbsp;15.679.597,-Ft K\u00f6lcs\u00f6n futamideje:&nbsp;60 h\u00f3nap Szerz\u0151d\u00e9s sz\u00e1ma:&nbsp;H-EKTG2\/078045\/2020\/301804\/001 Projekt le\u00edr\u00e1sa: &nbsp;A piacvezet\u0151 gy\u00e1rt\u00f3kkal \u00e9vtizedes szoros egy\u00fcttm\u0171k\u00f6d\u00e9s \u00e9s a volumenn\u00f6veked\u00e9s miatt sz\u00fcks\u00e9gess\u00e9 v\u00e1lt a k\u00e9szleteink n\u00f6vel\u00e9se, mely n\u00f6veli a...","_links":{"self":[{"href":"https:\/\/www.sbskft.hu\/de\/wp-json\/wp\/v2\/pages\/836"}],"collection":[{"href":"https:\/\/www.sbskft.hu\/de\/wp-json\/wp\/v2\/pages"}],"about":[{"href":"https:\/\/www.sbskft.hu\/de\/wp-json\/wp\/v2\/types\/page"}],"author":[{"embeddable":true,"href":"https:\/\/www.sbskft.hu\/de\/wp-json\/wp\/v2\/users\/1"}],"replies":[{"embeddable":true,"href":"https:\/\/www.sbskft.hu\/de\/wp-json\/wp\/v2\/comments?post=836"}],"version-history":[{"count":15,"href":"https:\/\/www.sbskft.hu\/de\/wp-json\/wp\/v2\/pages\/836\/revisions"}],"predecessor-version":[{"id":1919,"href":"https:\/\/www.sbskft.hu\/de\/wp-json\/wp\/v2\/pages\/836\/revisions\/1919"}],"wp:attachment":[{"href":"https:\/\/www.sbskft.hu\/de\/wp-json\/wp\/v2\/media?parent=836"}],"curies":[{"name":"wp","href":"https:\/\/api.w.org\/{rel}","templated":true}]}}