{"id":788,"date":"2020-09-10T10:30:43","date_gmt":"2020-09-10T10:30:43","guid":{"rendered":"https:\/\/www.sbskft.hu\/?page_id=788"},"modified":"2021-05-06T05:49:47","modified_gmt":"2021-05-06T05:49:47","slug":"ginop-1-2-1","status":"publish","type":"page","link":"https:\/\/www.sbskft.hu\/de\/ginop-1-2-1","title":{"rendered":"Ginop 1.2.1"},"content":{"rendered":"<p>[et_pb_section fb_built=\u201c1\u201c _builder_version=\u201c4.0.2\u201c][et_pb_row columns_structure=\u201c1_2,1_2\u201c _builder_version=\u201c4.0.2\u201c][et_pb_column type=\u201c1_2\u201c _builder_version=\u201c4.0.2\u201c][et_pb_text _builder_version =\u201c4.0.2\u2033 custom_padding=\u201c|0px||||\u201c]<\/p>\n<ul>\n<li>Name des Beg\u00fcnstigten:\u00a0<strong>SBS Kft.<\/strong><\/li>\n<li>Projekttitel:\u00a0<strong>Beschaffung der notwendigen Ausr\u00fcstung f\u00fcr die Kapazit\u00e4tserweiterung bei SBS Kft<\/strong><\/li>\n<li>F\u00f6rderbetrag:\u00a0<strong>497.162.534 HUF<\/strong><\/li>\n<li>H\u00f6he der Unterst\u00fctzung:\u00a0<strong>50,00 %<\/strong><\/li>\n<li>Kurzdarstellung der Projektinhalte:<\/li>\n<\/ul>\n<p>Das Ergebnis des Projekts:<\/p>\n<p>Bei der technologischen Entwicklung geht es darum, die Effizienz der Produktion zu steigern und dadurch ihre Marktpositionen zu verbessern sowie die Rentabilit\u00e4t und damit die Nachhaltigkeit der T\u00e4tigkeit zu verbessern. Dazu tr\u00e4gt die zu erwerbende Ausr\u00fcstung bei: Kettenstrahlanlage, Rollenbahn-Strahlanlage, Bauteilrichtmaschine, Doppelbr\u00fccken-Plasmaschneidemaschine, Schwei\u00dfkantenvorbereitungsroboter, Entgratungsmaschine, Chassis-Schwei\u00dfroboter, Br\u00fcckenwaage , Koordinatenbohrmaschine, NC-S\u00e4gemaschine, hydraulische Kantenbiegemaschine, vertikale CNC-Drehmaschine, horizontale CNC-Drehmaschine.<\/p>\n<p>Das Ziel von SBS Kft. ist es, weiterhin eine f\u00fchrende Rolle im Bereich der ungarischen Produktion von geschwei\u00dften Stahlkonstruktionen zu spielen. Behalten oder erweitern Sie die Lieferaktivit\u00e4t an Werkzeugmaschinenhersteller und streben Sie danach, geschwei\u00dfte Stahlkonstruktionen zu liefern, die die gr\u00f6\u00dften hinzugef\u00fcgten Sommer (von gr\u00f6\u00dferer Komplexit\u00e4t und Gr\u00f6\u00dfe) darstellen.<\/p>\n<ul>\n<li>Projektstartdatum:\u00a0<strong>2018.04.20.<\/strong><\/li>\n<li>Projektidentifikationsnummer:\u00a0<strong>GINOP-1.2.1-16-2017-00283<\/strong><\/li>\n<\/ul>\n<p>&nbsp;<\/p>\n<p>[\/et_pb_text][\/et_pb_column][et_pb_column type=\u201c1_2\u2033 _builder_version=\u201c4.0.2\u201c][et_pb_image src=\u201chttps:\/\/www.sbskft.hu\/wp-content\/uploads\/2020\/09\/szechenyi- 2020.jpg\u201c _builder_version=\u201c4.0.2\u201c][\/et_pb_image][\/et_pb_column][\/et_pb_row][et_pb_row columns_structure=\u201c1_2,1_2\u201c _builder_version=\u201c4.0.2\u201c][et_pb_column type=\u201c1_2\u201c _builder_version= \u201d 4.0.2\u2033][et_pb_button button_url=\u201chttps:\/\/www.sbskft.hu\/wp-content\/uploads\/2020\/09\/Sajtokozlemeny_nyito_GINOP-1_2_1.pdf\u201c button_text=\u201cPressemitteilung\u201c _builder_version=\u201c4.0.2 \u2033] [\/et_pb_button][et_pb_button button_url=\u201chttps:\/\/www.sbskft.hu\/wp-content\/uploads\/2021\/05\/Sajtokozlemeny_ERFA_javitott_SBS_zaro_BPE.pdf\u201c button_text=\u201cPressemitteilung\u201c _builder_version=\u201c4.0.2\u201c hover_enabled= \u201d0\u2033 ][\/et_pb_button][\/et_pb_column][et_pb_column type=\u201c1_2\u2033 _builder_version=\u201c4.0.2\u201c][et_pb_image src=\u201chttps:\/\/www.sbskft.hu\/wp-content\/uploads\/2021\/ 04\/sbs -ginop.jpg\u201c _builder_version=\u201c4.0.2\u2033][\/et_pb_image][\/et_pb_column][\/et_pb_row][\/et_pb_section]<\/p>","protected":false},"excerpt":{"rendered":"<p>Name des Beg\u00fcnstigten: SBS Kft. Projekttitel: Beschaffung der f\u00fcr die Kapazit\u00e4tserweiterung erforderlichen Ausr\u00fcstung bei SBS Kft. F\u00f6rderh\u00f6he: 50,00 % Kurze Darstellung des Projektinhalts: Das Ergebnis des Projekts: W\u00e4hrend der technologischen Entwicklung wurde die Ziel ist es, die Effizienz der Produktion zu steigern und dadurch ihre Marktpositionen zu verbessern, die Rentabilit\u00e4t der T\u00e4tigkeit zu verbessern und dadurch ihre Nachhaltigkeit zu verbessern. Die Werkzeuge, die Sie kaufen m\u00f6chten, tragen dazu bei,\u2026<\/p>","protected":false},"author":1,"featured_media":0,"parent":0,"menu_order":0,"comment_status":"closed","ping_status":"closed","template":"","meta":{"_et_pb_use_builder":"on","_et_pb_old_content":"","_et_gb_content_width":"","ocean_post_layout":"","ocean_both_sidebars_style":"","ocean_both_sidebars_content_width":0,"ocean_both_sidebars_sidebars_width":0,"ocean_sidebar":"","ocean_second_sidebar":"","ocean_disable_margins":"enable","ocean_add_body_class":"","ocean_shortcode_before_top_bar":"","ocean_shortcode_after_top_bar":"","ocean_shortcode_before_header":"","ocean_shortcode_after_header":"","ocean_has_shortcode":"","ocean_shortcode_after_title":"","ocean_shortcode_before_footer_widgets":"","ocean_shortcode_after_footer_widgets":"","ocean_shortcode_before_footer_bottom":"","ocean_shortcode_after_footer_bottom":"","ocean_display_top_bar":"default","ocean_display_header":"default","ocean_header_style":"","ocean_center_header_left_menu":"","ocean_custom_header_template":"","ocean_custom_logo":0,"ocean_custom_retina_logo":0,"ocean_custom_logo_max_width":0,"ocean_custom_logo_tablet_max_width":0,"ocean_custom_logo_mobile_max_width":0,"ocean_custom_logo_max_height":0,"ocean_custom_logo_tablet_max_height":0,"ocean_custom_logo_mobile_max_height":0,"ocean_header_custom_menu":"","ocean_menu_typo_font_family":"","ocean_menu_typo_font_subset":"","ocean_menu_typo_font_size":0,"ocean_menu_typo_font_size_tablet":0,"ocean_menu_typo_font_size_mobile":0,"ocean_menu_typo_font_size_unit":"px","ocean_menu_typo_font_weight":"","ocean_menu_typo_font_weight_tablet":"","ocean_menu_typo_font_weight_mobile":"","ocean_menu_typo_transform":"","ocean_menu_typo_transform_tablet":"","ocean_menu_typo_transform_mobile":"","ocean_menu_typo_line_height":0,"ocean_menu_typo_line_height_tablet":0,"ocean_menu_typo_line_height_mobile":0,"ocean_menu_typo_line_height_unit":"","ocean_menu_typo_spacing":0,"ocean_menu_typo_spacing_tablet":0,"ocean_menu_typo_spacing_mobile":0,"ocean_menu_typo_spacing_unit":"","ocean_menu_link_color":"","ocean_menu_link_color_hover":"","ocean_menu_link_color_active":"","ocean_menu_link_background":"","ocean_menu_link_hover_background":"","ocean_menu_link_active_background":"","ocean_menu_social_links_bg":"","ocean_menu_social_hover_links_bg":"","ocean_menu_social_links_color":"","ocean_menu_social_hover_links_color":"","ocean_disable_title":"default","ocean_disable_heading":"default","ocean_post_title":"","ocean_post_subheading":"","ocean_post_title_style":"","ocean_post_title_background_color":"","ocean_post_title_background":0,"ocean_post_title_bg_image_position":"","ocean_post_title_bg_image_attachment":"","ocean_post_title_bg_image_repeat":"","ocean_post_title_bg_image_size":"","ocean_post_title_height":0,"ocean_post_title_bg_overlay":0.5,"ocean_post_title_bg_overlay_color":"","ocean_disable_breadcrumbs":"default","ocean_breadcrumbs_color":"","ocean_breadcrumbs_separator_color":"","ocean_breadcrumbs_links_color":"","ocean_breadcrumbs_links_hover_color":"","ocean_display_footer_widgets":"default","ocean_display_footer_bottom":"default","ocean_custom_footer_template":"","footnotes":""},"class_list":["post-788","page","type-page","status-publish","hentry","entry"],"rttpg_featured_image_url":null,"rttpg_author":{"display_name":"admin","author_link":"https:\/\/www.sbskft.hu\/de\/author\/admin"},"rttpg_comment":0,"rttpg_category":null,"rttpg_excerpt":"Kedvezm\u00e9nyezett neve:\u00a0SBS Kft. Projekt c\u00edme:\u00a0Kapacit\u00e1sb\u0151v\u00edt\u00e9shez sz\u00fcks\u00e9ges eszk\u00f6z\u00f6k beszerz\u00e9se az SBS Kft-n\u00e9l T\u00e1mogat\u00e1s \u00f6sszege:\u00a0497 162 534,- Ft T\u00e1mogat\u00e1s m\u00e9rt\u00e9ke:\u00a050,00 % Projekt tartalm\u00e1nak r\u00f6vid bemutat\u00e1sa: A projekt eredm\u00e9nye: A technol\u00f3giai fejleszt\u00e9s sor\u00e1n c\u00e9lja, hogy n\u00f6vekedjen a termel\u00e9s hat\u00e9konys\u00e1ga, ez\u00e1ltal javuljanak piaci poz\u00edci\u00f3i, illetve javuljon a tev\u00e9kenys\u00e9g nyeres\u00e9gess\u00e9ge, ez\u00e1ltal fenntarthat\u00f3s\u00e1ga. Ehhez j\u00e1rulnak hozz\u00e1 a beszerezni k\u00edv\u00e1nt eszk\u00f6z\u00f6k,...","_links":{"self":[{"href":"https:\/\/www.sbskft.hu\/de\/wp-json\/wp\/v2\/pages\/788"}],"collection":[{"href":"https:\/\/www.sbskft.hu\/de\/wp-json\/wp\/v2\/pages"}],"about":[{"href":"https:\/\/www.sbskft.hu\/de\/wp-json\/wp\/v2\/types\/page"}],"author":[{"embeddable":true,"href":"https:\/\/www.sbskft.hu\/de\/wp-json\/wp\/v2\/users\/1"}],"replies":[{"embeddable":true,"href":"https:\/\/www.sbskft.hu\/de\/wp-json\/wp\/v2\/comments?post=788"}],"version-history":[{"count":10,"href":"https:\/\/www.sbskft.hu\/de\/wp-json\/wp\/v2\/pages\/788\/revisions"}],"predecessor-version":[{"id":924,"href":"https:\/\/www.sbskft.hu\/de\/wp-json\/wp\/v2\/pages\/788\/revisions\/924"}],"wp:attachment":[{"href":"https:\/\/www.sbskft.hu\/de\/wp-json\/wp\/v2\/media?parent=788"}],"curies":[{"name":"wp","href":"https:\/\/api.w.org\/{rel}","templated":true}]}}