{"id":3203,"date":"2025-05-09T19:09:08","date_gmt":"2025-05-09T19:09:08","guid":{"rendered":"https:\/\/www.sbskft.hu\/?page_id=3203"},"modified":"2025-05-09T19:16:12","modified_gmt":"2025-05-09T19:16:12","slug":"ginop-2-1-7-15-2016-00518","status":"publish","type":"page","link":"https:\/\/www.sbskft.hu\/de\/ginop-2-1-7-15-2016-00518","title":{"rendered":"GINOP-2.1.7-15-2016-00518"},"content":{"rendered":"<div data-elementor-type=\"wp-page\" data-elementor-id=\"3203\" class=\"elementor elementor-3203\" data-elementor-post-type=\"page\">\n\t\t\t\t\t\t<section class=\"elementor-section elementor-top-section elementor-element elementor-element-40251bcb elementor-section-boxed elementor-section-height-default elementor-section-height-default\" data-id=\"40251bcb\" data-element_type=\"section\">\n\t\t\t\t\t\t<div class=\"elementor-container elementor-column-gap-default\">\n\t\t\t\t\t<div class=\"elementor-column elementor-col-100 elementor-top-column elementor-element elementor-element-4e3919de\" data-id=\"4e3919de\" data-element_type=\"column\">\n\t\t\t<div class=\"elementor-widget-wrap elementor-element-populated\">\n\t\t\t\t\t\t<div class=\"elementor-element elementor-element-69ad5004 elementor-widget elementor-widget-text-editor\" data-id=\"69ad5004\" data-element_type=\"widget\" data-widget_type=\"text-editor.default\">\n\t\t\t\t<div class=\"elementor-widget-container\">\n\t\t\t<style>\/*! elementor - v3.23.0 - 15-07-2024 *\/\n.elementor-widget-text-editor.elementor-drop-cap-view-stacked .elementor-drop-cap{background-color:#69727d;color:#fff}.elementor-widget-text-editor.elementor-drop-cap-view-framed .elementor-drop-cap{color:#69727d;border:3px solid;background-color:transparent}.elementor-widget-text-editor:not(.elementor-drop-cap-view-default) .elementor-drop-cap{margin-top:8px}.elementor-widget-text-editor:not(.elementor-drop-cap-view-default) .elementor-drop-cap-letter{width:1em;height:1em}.elementor-widget-text-editor .elementor-drop-cap{float:left;text-align:center;line-height:1;font-size:50px}.elementor-widget-text-editor .elementor-drop-cap-letter{display:inline-block}<\/style>\t\t\t\t<!-- wp:divi\/placeholder \/-->\t\t\t\t\t\t<\/div>\n\t\t\t\t<\/div>\n\t\t\t\t\t<\/div>\n\t\t<\/div>\n\t\t\t\t\t<\/div>\n\t\t<\/section>\n\t\t\t\t<section class=\"elementor-section elementor-top-section elementor-element elementor-element-b56d4ef elementor-section-boxed elementor-section-height-default elementor-section-height-default\" data-id=\"b56d4ef\" data-element_type=\"section\">\n\t\t\t\t\t\t<div class=\"elementor-container elementor-column-gap-default\">\n\t\t\t\t\t<div class=\"elementor-column elementor-col-50 elementor-top-column elementor-element elementor-element-944fcdc\" data-id=\"944fcdc\" data-element_type=\"column\">\n\t\t\t<div class=\"elementor-widget-wrap elementor-element-populated\">\n\t\t\t\t\t\t<div class=\"elementor-element elementor-element-564eec8 elementor-widget elementor-widget-text-editor\" data-id=\"564eec8\" data-element_type=\"widget\" data-widget_type=\"text-editor.default\">\n\t\t\t\t<div class=\"elementor-widget-container\">\n\t\t\t\t\t\t\t<ul>\n<li>Name des Beg\u00fcnstigten:\u00a0<strong>SBS Kft.<\/strong><\/li>\n<li>Projekttitel:\u00a0<strong>Entwicklung eines Prototyps einer hydraulischen Nivellierung bei SBS Kft<\/strong><\/li>\n<li>F\u00f6rderbetrag:\u00a0<strong>52.069.457 HUF<\/strong><\/li>\n<li>H\u00f6he der Unterst\u00fctzung:\u00a0<strong>54.23 %<\/strong><\/li>\n<\/ul>\t\t\t\t\t\t<\/div>\n\t\t\t\t<\/div>\n\t\t\t\t\t<\/div>\n\t\t<\/div>\n\t\t\t\t<div class=\"elementor-column elementor-col-50 elementor-top-column elementor-element elementor-element-378e75b\" data-id=\"378e75b\" data-element_type=\"column\">\n\t\t\t<div class=\"elementor-widget-wrap elementor-element-populated\">\n\t\t\t\t\t\t<div class=\"elementor-element elementor-element-5715b3b elementor-widget__width-initial elementor-widget elementor-widget-image\" data-id=\"5715b3b\" data-element_type=\"widget\" data-widget_type=\"image.default\">\n\t\t\t\t<div class=\"elementor-widget-container\">\n\t\t\t<style>\/*! elementor - v3.23.0 - 15-07-2024 *\/\n.elementor-widget-image{text-align:center}.elementor-widget-image a{display:inline-block}.elementor-widget-image a img[src$=\".svg\"]{width:48px}.elementor-widget-image img{vertical-align:middle;display:inline-block}<\/style>\t\t\t\t\t\t\t\t\t\t<img fetchpriority=\"high\" decoding=\"async\" width=\"1066\" height=\"736\" src=\"https:\/\/www.sbskft.hu\/wp-content\/uploads\/2020\/09\/szechenyi-2020.jpg\" class=\"attachment-full size-full wp-image-794\" alt=\"\" srcset=\"https:\/\/www.sbskft.hu\/wp-content\/uploads\/2020\/09\/szechenyi-2020.jpg 1066w, https:\/\/www.sbskft.hu\/wp-content\/uploads\/2020\/09\/szechenyi-2020-980x677.jpg 980w, https:\/\/www.sbskft.hu\/wp-content\/uploads\/2020\/09\/szechenyi-2020-480x331.jpg 480w\" sizes=\"(min-width: 0px) and (max-width: 480px) 480px, (min-width: 481px) and (max-width: 980px) 980px, (min-width: 981px) 1066px, 100vw\" \/>\t\t\t\t\t\t\t\t\t\t\t\t\t<\/div>\n\t\t\t\t<\/div>\n\t\t\t\t\t<\/div>\n\t\t<\/div>\n\t\t\t\t\t<\/div>\n\t\t<\/section>\n\t\t\t\t<section class=\"elementor-section elementor-top-section elementor-element elementor-element-d180835 elementor-section-boxed elementor-section-height-default elementor-section-height-default\" data-id=\"d180835\" data-element_type=\"section\">\n\t\t\t\t\t\t<div class=\"elementor-container elementor-column-gap-default\">\n\t\t\t\t\t<div class=\"elementor-column elementor-col-100 elementor-top-column elementor-element elementor-element-39f6458\" data-id=\"39f6458\" data-element_type=\"column\">\n\t\t\t<div class=\"elementor-widget-wrap elementor-element-populated\">\n\t\t\t\t\t\t<div class=\"elementor-element elementor-element-78c6352 elementor-widget elementor-widget-text-editor\" data-id=\"78c6352\" data-element_type=\"widget\" data-widget_type=\"text-editor.default\">\n\t\t\t\t<div class=\"elementor-widget-container\">\n\t\t\t\t\t\t\t<ul>\n<li>Kurzdarstellung der Projektinhalte:<\/li>\n<\/ul>\n<p><strong>Im Rahmen des Projektes wurde ein neues hydraulisches Nivellierger\u00e4t mit einer Tragf\u00e4higkeit von 300 t entwickelt und gefertigt. Die Produktionsdokumentation wurde \u2013 entsprechend den Ausschreibungsanforderungen \u2013 ver\u00f6ffentlicht.<\/strong><\/p>\n<p><strong>Ein weiteres Ergebnis ist die technologische Entwicklung, mit der SBS Kft. die Effizienz der Herstellung von Schwei\u00dfkonstruktionen steigern kann<\/strong>.<\/p>\n<p>Der neue Inhalt des Projekts:<\/p>\n<p>Da das Gewicht des Werkst\u00fccks 4-5 Tonnen erreichen kann, ist zum Bewegen des Werkst\u00fccks auf dem Richttisch ein Kran erforderlich, dies gilt auch f\u00fcr das Bewegen des Werkst\u00fccks zum Bewegen einzelner Richtpunkte. Dieser Kraneinsatz stellt eine erhebliche Belastung f\u00fcr die Krankapazit\u00e4t einer bestimmten Werkstatt dar. Um diese Krankapazit\u00e4t zu reduzieren, wurde eine Werkst\u00fccktransporthilfe entwickelt, die au\u00dfer dem Heben des Werkst\u00fccks auf und ab keine Kranaktivit\u00e4t erfordert. Die Innovation ist der Einsatz des zus\u00e4tzlichen Rolltisches. Der Tisch kann mittels Luftfedern angehoben werden. Im Vergleich zu bekannten Wettbewerbsger\u00e4ten stellt diese L\u00f6sung einen erheblichen Vorteil dar. Durch den Einsatz der von uns hergestellten hydraulischen Richtmaschine erzielen Unternehmen Kosteneinsparungen.<\/p>\n<ul>\n<li>Enddatum des Projekts:\u00a0<strong>2018.05.07.<\/strong><\/li>\n<li>Projektidentifikationsnummer:\u00a0<strong>GINOP-2.1.7-15-2016-00518<\/strong><\/li>\n<\/ul>\t\t\t\t\t\t<\/div>\n\t\t\t\t<\/div>\n\t\t\t\t\t<\/div>\n\t\t<\/div>\n\t\t\t\t\t<\/div>\n\t\t<\/section>\n\t\t\t\t<\/div>","protected":false},"excerpt":{"rendered":"<p>Kedvezm\u00e9nyezett neve:\u00a0SBS Kft. Projekt c\u00edme:\u00a0Hidraulikus egyenget\u0151 protot\u00edpus fejleszt\u00e9se az SBS Kft-n\u00e9l T\u00e1mogat\u00e1s \u00f6sszege:\u00a052 069\u00a0457,- Ft T\u00e1mogat\u00e1s m\u00e9rt\u00e9ke:\u00a054.23 % Projekt tartalm\u00e1nak r\u00f6vid bemutat\u00e1sa: A projekt keret\u00e9ben egy \u00faj 300 t teherb\u00edr\u00e1s\u00fa hidraulikus egyenget\u0151 berendez\u00e9s ker\u00fclt kifejleszt\u00e9sre \u00e9s legy\u00e1rt\u00e1sra.\u00a0 A gy\u00e1rt\u00e1si dokument\u00e1ci\u00f3 \u2013 p\u00e1ly\u00e1zati k\u00f6vetelm\u00e9nyeknek megfelel\u0151en t\u00f6rt\u00e9n\u0151 \u2013 \u00a0nyilv\u00e1noss\u00e1gra hozatala megt\u00f6rt\u00e9nt. Tov\u00e1bbi eredm\u00e9ny a technol\u00f3giai fejleszt\u00e9s, amellyel [&hellip;]<\/p>","protected":false},"author":1,"featured_media":0,"parent":0,"menu_order":0,"comment_status":"closed","ping_status":"closed","template":"","meta":{"_et_pb_use_builder":"","_et_pb_old_content":"","_et_gb_content_width":"","ocean_post_layout":"","ocean_both_sidebars_style":"","ocean_both_sidebars_content_width":0,"ocean_both_sidebars_sidebars_width":0,"ocean_sidebar":"","ocean_second_sidebar":"","ocean_disable_margins":"enable","ocean_add_body_class":"","ocean_shortcode_before_top_bar":"","ocean_shortcode_after_top_bar":"","ocean_shortcode_before_header":"","ocean_shortcode_after_header":"","ocean_has_shortcode":"","ocean_shortcode_after_title":"","ocean_shortcode_before_footer_widgets":"","ocean_shortcode_after_footer_widgets":"","ocean_shortcode_before_footer_bottom":"","ocean_shortcode_after_footer_bottom":"","ocean_display_top_bar":"default","ocean_display_header":"default","ocean_header_style":"","ocean_center_header_left_menu":"","ocean_custom_header_template":"","ocean_custom_logo":0,"ocean_custom_retina_logo":0,"ocean_custom_logo_max_width":0,"ocean_custom_logo_tablet_max_width":0,"ocean_custom_logo_mobile_max_width":0,"ocean_custom_logo_max_height":0,"ocean_custom_logo_tablet_max_height":0,"ocean_custom_logo_mobile_max_height":0,"ocean_header_custom_menu":"","ocean_menu_typo_font_family":"","ocean_menu_typo_font_subset":"","ocean_menu_typo_font_size":0,"ocean_menu_typo_font_size_tablet":0,"ocean_menu_typo_font_size_mobile":0,"ocean_menu_typo_font_size_unit":"px","ocean_menu_typo_font_weight":"","ocean_menu_typo_font_weight_tablet":"","ocean_menu_typo_font_weight_mobile":"","ocean_menu_typo_transform":"","ocean_menu_typo_transform_tablet":"","ocean_menu_typo_transform_mobile":"","ocean_menu_typo_line_height":0,"ocean_menu_typo_line_height_tablet":0,"ocean_menu_typo_line_height_mobile":0,"ocean_menu_typo_line_height_unit":"","ocean_menu_typo_spacing":0,"ocean_menu_typo_spacing_tablet":0,"ocean_menu_typo_spacing_mobile":0,"ocean_menu_typo_spacing_unit":"","ocean_menu_link_color":"","ocean_menu_link_color_hover":"","ocean_menu_link_color_active":"","ocean_menu_link_background":"","ocean_menu_link_hover_background":"","ocean_menu_link_active_background":"","ocean_menu_social_links_bg":"","ocean_menu_social_hover_links_bg":"","ocean_menu_social_links_color":"","ocean_menu_social_hover_links_color":"","ocean_disable_title":"default","ocean_disable_heading":"default","ocean_post_title":"","ocean_post_subheading":"","ocean_post_title_style":"","ocean_post_title_background_color":"","ocean_post_title_background":0,"ocean_post_title_bg_image_position":"","ocean_post_title_bg_image_attachment":"","ocean_post_title_bg_image_repeat":"","ocean_post_title_bg_image_size":"","ocean_post_title_height":0,"ocean_post_title_bg_overlay":0.5,"ocean_post_title_bg_overlay_color":"","ocean_disable_breadcrumbs":"default","ocean_breadcrumbs_color":"","ocean_breadcrumbs_separator_color":"","ocean_breadcrumbs_links_color":"","ocean_breadcrumbs_links_hover_color":"","ocean_display_footer_widgets":"default","ocean_display_footer_bottom":"default","ocean_custom_footer_template":"","footnotes":""},"class_list":["post-3203","page","type-page","status-publish","hentry","entry"],"rttpg_featured_image_url":null,"rttpg_author":{"display_name":"admin","author_link":"https:\/\/www.sbskft.hu\/de\/author\/admin"},"rttpg_comment":0,"rttpg_category":null,"rttpg_excerpt":"Kedvezm\u00e9nyezett neve:\u00a0SBS Kft. Projekt c\u00edme:\u00a0Hidraulikus egyenget\u0151 protot\u00edpus fejleszt\u00e9se az SBS Kft-n\u00e9l T\u00e1mogat\u00e1s \u00f6sszege:\u00a052 069\u00a0457,- Ft T\u00e1mogat\u00e1s m\u00e9rt\u00e9ke:\u00a054.23 % Projekt tartalm\u00e1nak r\u00f6vid bemutat\u00e1sa: A projekt keret\u00e9ben egy \u00faj 300 t teherb\u00edr\u00e1s\u00fa hidraulikus egyenget\u0151 berendez\u00e9s ker\u00fclt kifejleszt\u00e9sre \u00e9s legy\u00e1rt\u00e1sra.\u00a0 A gy\u00e1rt\u00e1si dokument\u00e1ci\u00f3 \u2013 p\u00e1ly\u00e1zati k\u00f6vetelm\u00e9nyeknek megfelel\u0151en t\u00f6rt\u00e9n\u0151 \u2013 \u00a0nyilv\u00e1noss\u00e1gra hozatala megt\u00f6rt\u00e9nt. Tov\u00e1bbi eredm\u00e9ny a technol\u00f3giai fejleszt\u00e9s, amellyel&hellip;","_links":{"self":[{"href":"https:\/\/www.sbskft.hu\/de\/wp-json\/wp\/v2\/pages\/3203"}],"collection":[{"href":"https:\/\/www.sbskft.hu\/de\/wp-json\/wp\/v2\/pages"}],"about":[{"href":"https:\/\/www.sbskft.hu\/de\/wp-json\/wp\/v2\/types\/page"}],"author":[{"embeddable":true,"href":"https:\/\/www.sbskft.hu\/de\/wp-json\/wp\/v2\/users\/1"}],"replies":[{"embeddable":true,"href":"https:\/\/www.sbskft.hu\/de\/wp-json\/wp\/v2\/comments?post=3203"}],"version-history":[{"count":7,"href":"https:\/\/www.sbskft.hu\/de\/wp-json\/wp\/v2\/pages\/3203\/revisions"}],"predecessor-version":[{"id":3210,"href":"https:\/\/www.sbskft.hu\/de\/wp-json\/wp\/v2\/pages\/3203\/revisions\/3210"}],"wp:attachment":[{"href":"https:\/\/www.sbskft.hu\/de\/wp-json\/wp\/v2\/media?parent=3203"}],"curies":[{"name":"wp","href":"https:\/\/api.w.org\/{rel}","templated":true}]}}