{"id":1022,"date":"2021-11-29T06:26:52","date_gmt":"2021-11-29T06:26:52","guid":{"rendered":"https:\/\/www.sbskft.hu\/?page_id=1022"},"modified":"2023-02-17T11:47:08","modified_gmt":"2023-02-17T11:47:08","slug":"ginop-4-1-4","status":"publish","type":"page","link":"https:\/\/www.sbskft.hu\/de\/ginop-4-1-4","title":{"rendered":"GINOP-4.1.4"},"content":{"rendered":"<p>[et_pb_section fb_built=\u201c1\u2033 _builder_version=\u201c4.0.2\u201c][et_pb_row columns_structure=\u201c1_2,1_2\u2033 _builder_version=\u201c4.0.2\u201c lock=\u201coff\u201c][et_pb_column type=\u201c1_2\u2033 _builder_version=\u201c4.0.2 \u2033 \u2033][et_pb_text _builder_version=\u201c4.0.2\u2033 custom_padding=\u201c|0px||||\u201c]<\/p>\n<ul>\n<li>\n<ul>\n<li><strong>Name des Beg\u00fcnstigten:<\/strong> SBS Mechanic Repair and Service Limited Liability Company<strong>Projekttitel:<\/strong> Entwicklung der Solarenergieversorgung bei SBS Kft\n<p><strong>Projekt-ID:<\/strong> GINOP-4.1.4-19-2020-02252<\/p>\n<p>Das Projekt wurde mit Kofinanzierung des Europ\u00e4ischen Fonds f\u00fcr regionale Entwicklung umgesetzt.<\/p>\n<p><strong>F\u00f6rderbetrag:<\/strong> 76.964.802 HUF.<\/p>\n<p><strong>H\u00f6he der Unterst\u00fctzung:<\/strong> 54,99%<\/p>\n<p><strong>Tats\u00e4chliches Projektabschlussdatum:<\/strong> 2022.08.31<\/p>\n<p><strong>Projektinhalt:<\/strong><\/p>\n<p>Im Rahmen des Projekts wird ein kleines Solarkraftwerk mit einer Leistung von 499,95 kW errichtet. Die Investition umfasst folgende Aufgabenelemente: technische Vorbereitung, Erstellung eines statischen Gutachtens und die Installation der Solarpanel-Anlage \u2013 deren Elemente sind: \u2013 Solarpanel-Module \u2013 Tragkonstruktion \u2013 Wechselrichter und zugeh\u00f6riges Zubeh\u00f6r \u2013 elektrisches Installationsmaterial, Verkabelung \u2013 im Rahmen der Bauleistungen \u2013 Planung des Blitzschutzes, Montage und Inbetriebnahme, Installation der Erdungssonde, Ber\u00fchrungsschutz, Netzwerkanschlussverwaltung, Erstellung der Bau- und Anschlussplandokumentation. Den Abschluss der Investition bildet der Netzanschluss und die Inbetriebnahme des Kleinkraftwerks. Der geplante Termin hierf\u00fcr ist der 31.08.2022.<\/p>\n<\/li>\n<\/ul>\n<ul><\/ul>\n<\/li>\n<\/ul>\n<ul><\/ul>\n<p>&nbsp;<\/p>\n<p>[\/et_pb_text][et_pb_button button_url=\u201chttps:\/\/www.sbskft.hu\/wp-content\/uploads\/2022\/09\/SBS-sajtokozlemeny-projektzarasrol-GINOP-4.1.4-2022-08-31-002.pdf \u201d button_text=\u201cAbschlie\u00dfende Ank\u00fcndigung\u201c _builder_version=\u201c4.0.2\u2033][\/et_pb_button][\/et_pb_column][et_pb_column type=\u201c1_2\u2033 _builder_version=\u201c4.0.2\u2033][et_pb_image src=\u201chttps:\/\/www.sbskft .hu\/wp-content\/uploads\/2020\/09\/szechenyi-2020.jpg\u201c _builder_version=\u201c4.0.2\u201c][\/et_pb_image][\/et_pb_column][\/et_pb_row][\/et_pb_section]<\/p>","protected":false},"excerpt":{"rendered":"<p>Name des Beg\u00fcnstigten: SBS Szerel\u0151 Jav\u00edt\u00f3 \u00e9s Szolg\u00e1ltat\u00f3 L\u00e1t\u00f3lt Obl\u00e9sz\u00e9g T\u00e1rsas\u00e1g Projekttitel: Entwicklung der Solarenergieversorgung bei SBS Kft. Projekt-ID: GINOP-4.1.4-19-2020-02252 Das Projekt wurde mit der Kofinanzierung der Europ\u00e4ischen Region umgesetzt Entwicklungsfonds. F\u00f6rderbetrag: HUF 76.964.802 F\u00f6rderbetrag: 54.99% Datum der tats\u00e4chlichen Fertigstellung des Projekts: 31.08.2022 Projektinhalt: Im Rahmen des Projekts wird ein kleines Solarkraftwerk mit einer Leistung von 499,95 kW gebaut....<\/p>","protected":false},"author":1,"featured_media":0,"parent":0,"menu_order":0,"comment_status":"closed","ping_status":"closed","template":"","meta":{"_et_pb_use_builder":"on","_et_pb_old_content":"","_et_gb_content_width":"","ocean_post_layout":"","ocean_both_sidebars_style":"","ocean_both_sidebars_content_width":0,"ocean_both_sidebars_sidebars_width":0,"ocean_sidebar":"","ocean_second_sidebar":"","ocean_disable_margins":"enable","ocean_add_body_class":"","ocean_shortcode_before_top_bar":"","ocean_shortcode_after_top_bar":"","ocean_shortcode_before_header":"","ocean_shortcode_after_header":"","ocean_has_shortcode":"","ocean_shortcode_after_title":"","ocean_shortcode_before_footer_widgets":"","ocean_shortcode_after_footer_widgets":"","ocean_shortcode_before_footer_bottom":"","ocean_shortcode_after_footer_bottom":"","ocean_display_top_bar":"default","ocean_display_header":"default","ocean_header_style":"","ocean_center_header_left_menu":"","ocean_custom_header_template":"","ocean_custom_logo":0,"ocean_custom_retina_logo":0,"ocean_custom_logo_max_width":0,"ocean_custom_logo_tablet_max_width":0,"ocean_custom_logo_mobile_max_width":0,"ocean_custom_logo_max_height":0,"ocean_custom_logo_tablet_max_height":0,"ocean_custom_logo_mobile_max_height":0,"ocean_header_custom_menu":"","ocean_menu_typo_font_family":"","ocean_menu_typo_font_subset":"","ocean_menu_typo_font_size":0,"ocean_menu_typo_font_size_tablet":0,"ocean_menu_typo_font_size_mobile":0,"ocean_menu_typo_font_size_unit":"px","ocean_menu_typo_font_weight":"","ocean_menu_typo_font_weight_tablet":"","ocean_menu_typo_font_weight_mobile":"","ocean_menu_typo_transform":"","ocean_menu_typo_transform_tablet":"","ocean_menu_typo_transform_mobile":"","ocean_menu_typo_line_height":0,"ocean_menu_typo_line_height_tablet":0,"ocean_menu_typo_line_height_mobile":0,"ocean_menu_typo_line_height_unit":"","ocean_menu_typo_spacing":0,"ocean_menu_typo_spacing_tablet":0,"ocean_menu_typo_spacing_mobile":0,"ocean_menu_typo_spacing_unit":"","ocean_menu_link_color":"","ocean_menu_link_color_hover":"","ocean_menu_link_color_active":"","ocean_menu_link_background":"","ocean_menu_link_hover_background":"","ocean_menu_link_active_background":"","ocean_menu_social_links_bg":"","ocean_menu_social_hover_links_bg":"","ocean_menu_social_links_color":"","ocean_menu_social_hover_links_color":"","ocean_disable_title":"default","ocean_disable_heading":"default","ocean_post_title":"","ocean_post_subheading":"","ocean_post_title_style":"","ocean_post_title_background_color":"","ocean_post_title_background":0,"ocean_post_title_bg_image_position":"","ocean_post_title_bg_image_attachment":"","ocean_post_title_bg_image_repeat":"","ocean_post_title_bg_image_size":"","ocean_post_title_height":0,"ocean_post_title_bg_overlay":0.5,"ocean_post_title_bg_overlay_color":"","ocean_disable_breadcrumbs":"default","ocean_breadcrumbs_color":"","ocean_breadcrumbs_separator_color":"","ocean_breadcrumbs_links_color":"","ocean_breadcrumbs_links_hover_color":"","ocean_display_footer_widgets":"default","ocean_display_footer_bottom":"default","ocean_custom_footer_template":"","footnotes":""},"class_list":["post-1022","page","type-page","status-publish","hentry","entry"],"rttpg_featured_image_url":null,"rttpg_author":{"display_name":"admin","author_link":"https:\/\/www.sbskft.hu\/de\/author\/admin"},"rttpg_comment":0,"rttpg_category":null,"rttpg_excerpt":"Kedvezm\u00e9nyezett neve: SBS Szerel\u0151 Jav\u00edt\u00f3 \u00e9s Szolg\u00e1ltat\u00f3 Korl\u00e1tolt Felel\u0151ss\u00e9g\u0171 T\u00e1rsas\u00e1gProjekt c\u00edme: Napelemes energiaell\u00e1t\u00e1s fejleszt\u00e9se az SBS Kft.-n\u00e9l Projektazonos\u00edt\u00f3: GINOP-4.1.4-19-2020-02252 A projekt az Eur\u00f3pai Region\u00e1lis Fejleszt\u00e9si Alap t\u00e1rsfinansz\u00edroz\u00e1s\u00e1val val\u00f3sult meg. T\u00e1mogat\u00e1s \u00f6sszege: 76\u00a0964\u00a0802 Ft. T\u00e1mogat\u00e1s m\u00e9rt\u00e9ke: 54,99% Projekt t\u00e9nyleges befejez\u00e9s\u00e9nek d\u00e1tuma: 2022.08.31 Projekt tartalma: A projekt keret\u00e9ben egy 499,95 kW teljes\u00edtm\u00e9ny\u0171 napelemes kiser\u0151m\u0171 ker\u00fcl kialak\u00edt\u00e1sra....","_links":{"self":[{"href":"https:\/\/www.sbskft.hu\/de\/wp-json\/wp\/v2\/pages\/1022"}],"collection":[{"href":"https:\/\/www.sbskft.hu\/de\/wp-json\/wp\/v2\/pages"}],"about":[{"href":"https:\/\/www.sbskft.hu\/de\/wp-json\/wp\/v2\/types\/page"}],"author":[{"embeddable":true,"href":"https:\/\/www.sbskft.hu\/de\/wp-json\/wp\/v2\/users\/1"}],"replies":[{"embeddable":true,"href":"https:\/\/www.sbskft.hu\/de\/wp-json\/wp\/v2\/comments?post=1022"}],"version-history":[{"count":9,"href":"https:\/\/www.sbskft.hu\/de\/wp-json\/wp\/v2\/pages\/1022\/revisions"}],"predecessor-version":[{"id":1071,"href":"https:\/\/www.sbskft.hu\/de\/wp-json\/wp\/v2\/pages\/1022\/revisions\/1071"}],"wp:attachment":[{"href":"https:\/\/www.sbskft.hu\/de\/wp-json\/wp\/v2\/media?parent=1022"}],"curies":[{"name":"wp","href":"https:\/\/api.w.org\/{rel}","templated":true}]}}